{"id":61,"date":"2024-09-04T17:01:13","date_gmt":"2024-09-04T15:01:13","guid":{"rendered":"https:\/\/www.biodynamikalouny.cz\/cs\/?page_id=61"},"modified":"2024-09-10T11:01:48","modified_gmt":"2024-09-10T09:01:48","slug":"upozorneni","status":"publish","type":"page","link":"https:\/\/www.biodynamikalouny.cz\/cs\/index.php\/upozorneni\/","title":{"rendered":"Upozorn\u011bn\u00ed"},"content":{"rendered":"\n<ul class=\"wp-block-list has-black-color has-text-color has-link-color wp-elements-2de90acfcdb7cbcb03da3948f535750b\">\n<li>Po terapii je nutn\u00e9 zv\u00fd\u0161it p\u0159\u00edjem tekutin<\/li>\n\n\n\n<li>O\u0161et\u0159en\u00ed nen\u00ed vhodn\u00e9 pro \u017eeny v\u00a0I. trimestru t\u011bhotenstv\u00ed a klienty, kte\u0159\u00ed maj\u00ed kardiostimul\u00e1tor \u010di jin\u00fd aktivn\u00ed implant\u00e1t<\/li>\n\n\n\n<li>Terapie nejsou hrazeny zdravotn\u00edmi poji\u0161\u0165ovnami<\/li>\n\n\n\n<li>O\u0161et\u0159en\u00ed nenahrazuj\u00ed klasickou l\u00e9\u010dbu a v p\u0159\u00edpad\u011b akutn\u00edch pot\u00ed\u017e\u00ed v\u017edy vyhledejte l\u00e9ka\u0159e<\/li>\n\n\n\n<li>Ve dnech kdy prob\u00edh\u00e1 o\u0161et\u0159en\u00ed nepijte alkohol \u010di jin\u00e9 stimuluj\u00edc\u00ed n\u00e1poje.<\/li>\n<\/ul>\n\n\n\n<p><\/p>\n","protected":false},"excerpt":{"rendered":"","protected":false},"author":1,"featured_media":0,"parent":0,"menu_order":0,"comment_status":"closed","ping_status":"closed","template":"","meta":{"footnotes":""},"class_list":["post-61","page","type-page","status-publish","hentry"],"yoast_head":"<!-- This site is optimized with the Yoast SEO plugin v27.4 - https:\/\/yoast.com\/product\/yoast-seo-wordpress\/ -->\n<title>Upozorn\u011bn\u00ed - Biodynamika Louny<\/title>\n<meta name=\"robots\" content=\"index, follow, max-snippet:-1, max-image-preview:large, max-video-preview:-1\" \/>\n<link rel=\"canonical\" href=\"https:\/\/www.biodynamikalouny.cz\/cs\/index.php\/upozorneni\/\" \/>\n<meta property=\"og:locale\" content=\"cs_CZ\" \/>\n<meta property=\"og:type\" content=\"article\" \/>\n<meta property=\"og:title\" content=\"Upozorn\u011bn\u00ed - Biodynamika Louny\" \/>\n<meta property=\"og:url\" content=\"https:\/\/www.biodynamikalouny.cz\/cs\/index.php\/upozorneni\/\" \/>\n<meta property=\"og:site_name\" content=\"Biodynamika Louny\" \/>\n<meta property=\"article:modified_time\" content=\"2024-09-10T09:01:48+00:00\" \/>\n<meta name=\"twitter:card\" content=\"summary_large_image\" \/>\n<meta name=\"twitter:label1\" content=\"Odhadovan\u00e1 doba \u010dten\u00ed\" \/>\n\t<meta name=\"twitter:data1\" content=\"1 minuta\" \/>\n<script type=\"application\/ld+json\" class=\"yoast-schema-graph\">{\"@context\":\"https:\\\/\\\/schema.org\",\"@graph\":[{\"@type\":\"WebPage\",\"@id\":\"https:\\\/\\\/www.biodynamikalouny.cz\\\/cs\\\/index.php\\\/upozorneni\\\/\",\"url\":\"https:\\\/\\\/www.biodynamikalouny.cz\\\/cs\\\/index.php\\\/upozorneni\\\/\",\"name\":\"Upozorn\u011bn\u00ed - Biodynamika Louny\",\"isPartOf\":{\"@id\":\"https:\\\/\\\/www.biodynamikalouny.cz\\\/cs\\\/#website\"},\"datePublished\":\"2024-09-04T15:01:13+00:00\",\"dateModified\":\"2024-09-10T09:01:48+00:00\",\"breadcrumb\":{\"@id\":\"https:\\\/\\\/www.biodynamikalouny.cz\\\/cs\\\/index.php\\\/upozorneni\\\/#breadcrumb\"},\"inLanguage\":\"cs\",\"potentialAction\":[{\"@type\":\"ReadAction\",\"target\":[\"https:\\\/\\\/www.biodynamikalouny.cz\\\/cs\\\/index.php\\\/upozorneni\\\/\"]}]},{\"@type\":\"BreadcrumbList\",\"@id\":\"https:\\\/\\\/www.biodynamikalouny.cz\\\/cs\\\/index.php\\\/upozorneni\\\/#breadcrumb\",\"itemListElement\":[{\"@type\":\"ListItem\",\"position\":1,\"name\":\"Home\",\"item\":\"https:\\\/\\\/www.biodynamikalouny.cz\\\/cs\\\/\"},{\"@type\":\"ListItem\",\"position\":2,\"name\":\"Upozorn\u011bn\u00ed\"}]},{\"@type\":\"WebSite\",\"@id\":\"https:\\\/\\\/www.biodynamikalouny.cz\\\/cs\\\/#website\",\"url\":\"https:\\\/\\\/www.biodynamikalouny.cz\\\/cs\\\/\",\"name\":\"Biodynamika Louny\",\"description\":\"Biodynamika Louny\",\"potentialAction\":[{\"@type\":\"SearchAction\",\"target\":{\"@type\":\"EntryPoint\",\"urlTemplate\":\"https:\\\/\\\/www.biodynamikalouny.cz\\\/cs\\\/?s={search_term_string}\"},\"query-input\":{\"@type\":\"PropertyValueSpecification\",\"valueRequired\":true,\"valueName\":\"search_term_string\"}}],\"inLanguage\":\"cs\"}]}<\/script>\n<!-- \/ Yoast SEO plugin. -->","yoast_head_json":{"title":"Upozorn\u011bn\u00ed - Biodynamika Louny","robots":{"index":"index","follow":"follow","max-snippet":"max-snippet:-1","max-image-preview":"max-image-preview:large","max-video-preview":"max-video-preview:-1"},"canonical":"https:\/\/www.biodynamikalouny.cz\/cs\/index.php\/upozorneni\/","og_locale":"cs_CZ","og_type":"article","og_title":"Upozorn\u011bn\u00ed - Biodynamika Louny","og_url":"https:\/\/www.biodynamikalouny.cz\/cs\/index.php\/upozorneni\/","og_site_name":"Biodynamika Louny","article_modified_time":"2024-09-10T09:01:48+00:00","twitter_card":"summary_large_image","twitter_misc":{"Odhadovan\u00e1 doba \u010dten\u00ed":"1 minuta"},"schema":{"@context":"https:\/\/schema.org","@graph":[{"@type":"WebPage","@id":"https:\/\/www.biodynamikalouny.cz\/cs\/index.php\/upozorneni\/","url":"https:\/\/www.biodynamikalouny.cz\/cs\/index.php\/upozorneni\/","name":"Upozorn\u011bn\u00ed - Biodynamika Louny","isPartOf":{"@id":"https:\/\/www.biodynamikalouny.cz\/cs\/#website"},"datePublished":"2024-09-04T15:01:13+00:00","dateModified":"2024-09-10T09:01:48+00:00","breadcrumb":{"@id":"https:\/\/www.biodynamikalouny.cz\/cs\/index.php\/upozorneni\/#breadcrumb"},"inLanguage":"cs","potentialAction":[{"@type":"ReadAction","target":["https:\/\/www.biodynamikalouny.cz\/cs\/index.php\/upozorneni\/"]}]},{"@type":"BreadcrumbList","@id":"https:\/\/www.biodynamikalouny.cz\/cs\/index.php\/upozorneni\/#breadcrumb","itemListElement":[{"@type":"ListItem","position":1,"name":"Home","item":"https:\/\/www.biodynamikalouny.cz\/cs\/"},{"@type":"ListItem","position":2,"name":"Upozorn\u011bn\u00ed"}]},{"@type":"WebSite","@id":"https:\/\/www.biodynamikalouny.cz\/cs\/#website","url":"https:\/\/www.biodynamikalouny.cz\/cs\/","name":"Biodynamika Louny","description":"Biodynamika Louny","potentialAction":[{"@type":"SearchAction","target":{"@type":"EntryPoint","urlTemplate":"https:\/\/www.biodynamikalouny.cz\/cs\/?s={search_term_string}"},"query-input":{"@type":"PropertyValueSpecification","valueRequired":true,"valueName":"search_term_string"}}],"inLanguage":"cs"}]}},"_links":{"self":[{"href":"https:\/\/www.biodynamikalouny.cz\/cs\/index.php\/wp-json\/wp\/v2\/pages\/61","targetHints":{"allow":["GET"]}}],"collection":[{"href":"https:\/\/www.biodynamikalouny.cz\/cs\/index.php\/wp-json\/wp\/v2\/pages"}],"about":[{"href":"https:\/\/www.biodynamikalouny.cz\/cs\/index.php\/wp-json\/wp\/v2\/types\/page"}],"author":[{"embeddable":true,"href":"https:\/\/www.biodynamikalouny.cz\/cs\/index.php\/wp-json\/wp\/v2\/users\/1"}],"replies":[{"embeddable":true,"href":"https:\/\/www.biodynamikalouny.cz\/cs\/index.php\/wp-json\/wp\/v2\/comments?post=61"}],"version-history":[{"count":6,"href":"https:\/\/www.biodynamikalouny.cz\/cs\/index.php\/wp-json\/wp\/v2\/pages\/61\/revisions"}],"predecessor-version":[{"id":255,"href":"https:\/\/www.biodynamikalouny.cz\/cs\/index.php\/wp-json\/wp\/v2\/pages\/61\/revisions\/255"}],"wp:attachment":[{"href":"https:\/\/www.biodynamikalouny.cz\/cs\/index.php\/wp-json\/wp\/v2\/media?parent=61"}],"curies":[{"name":"wp","href":"https:\/\/api.w.org\/{rel}","templated":true}]}}