{"id":51,"date":"2024-09-04T16:57:37","date_gmt":"2024-09-04T14:57:37","guid":{"rendered":"https:\/\/www.biodynamikalouny.cz\/cs\/?page_id=51"},"modified":"2025-12-04T19:10:32","modified_gmt":"2025-12-04T18:10:32","slug":"jak-pomaha","status":"publish","type":"page","link":"https:\/\/www.biodynamikalouny.cz\/cs\/index.php\/jak-pomaha\/","title":{"rendered":"Pr\u016fb\u011bh o\u0161et\u0159en\u00ed"},"content":{"rendered":"\n<p class=\"has-black-color has-text-color has-link-color wp-elements-e8633df00d7a036005acbc88606b95d5\">O\u0161et\u0159en\u00ed prob\u00edh\u00e1 v&nbsp;klidn\u00e9m a hranice respektuj\u00edc\u00edm prost\u0159ed\u00ed. Na \u00favod je v\u017edy za\u0159azeno kr\u00e1tk\u00e9 pov\u00edd\u00e1n\u00ed, kde se m\u016f\u017eete vyj\u00e1d\u0159it s&nbsp;\u010d\u00edm p\u0159ich\u00e1z\u00edte. Pot\u00e9 le\u017e\u00edte v&nbsp;pohodln\u00e9 pozici na leh\u00e1tku a p\u0159ij\u00edm\u00e1te jemn\u00e9 doteky. B\u011bhem o\u0161et\u0159en\u00ed se aktivuj\u00ed samol\u00e9\u010debn\u00e9 a regenera\u010dn\u00ed procesy, organismus se harmonizuje dle sv\u00fdch pot\u0159eb. Na konci je \u010das ke spole\u010dn\u00e9mu sd\u00edlen\u00ed.<\/p>\n\n\n\n<p class=\"has-black-color has-text-color has-link-color wp-elements-03685e08011828956824db5ad7ea9252\">Sezen\u00ed obvykle trv\u00e1 75 -90 minut a je doporu\u010deno m\u00edt voln\u00e9 a pohodln\u00e9 oble\u010den\u00ed.<\/p>\n\n\n\n<p class=\"has-black-color has-text-color has-link-color wp-elements-007dffbf012a4d679b7af46cedca08fe\">O\u0161et\u0159en\u00ed dozn\u00edv\u00e1 v&nbsp;dal\u0161\u00edch 2-3 dnech a je vhodn\u00e9 p\u00edt hodn\u011b \u010dist\u00e9 neslazen\u00e9 vody.<\/p>\n\n\n\n<p class=\"has-black-color has-text-color has-link-color wp-elements-52f1c3a4f0fdba453a176c19cb2337b1\">Po\u010det terapi\u00ed se odv\u00edj\u00ed v\u017edy od Va\u0161eho c\u00edle.<\/p>\n\n\n\n<figure class=\"wp-block-image size-large is-resized\"><img loading=\"lazy\" decoding=\"async\" width=\"1021\" height=\"1024\" src=\"https:\/\/www.biodynamikalouny.cz\/cs\/wp-content\/uploads\/2025\/12\/FB4-1-1-1021x1024.jpeg\" alt=\"\" class=\"wp-image-996\" style=\"width:415px;height:auto\" srcset=\"https:\/\/www.biodynamikalouny.cz\/cs\/wp-content\/uploads\/2025\/12\/FB4-1-1-1021x1024.jpeg 1021w, https:\/\/www.biodynamikalouny.cz\/cs\/wp-content\/uploads\/2025\/12\/FB4-1-1-300x300.jpeg 300w, https:\/\/www.biodynamikalouny.cz\/cs\/wp-content\/uploads\/2025\/12\/FB4-1-1-150x150.jpeg 150w, https:\/\/www.biodynamikalouny.cz\/cs\/wp-content\/uploads\/2025\/12\/FB4-1-1-768x770.jpeg 768w, https:\/\/www.biodynamikalouny.cz\/cs\/wp-content\/uploads\/2025\/12\/FB4-1-1-1531x1536.jpeg 1531w, https:\/\/www.biodynamikalouny.cz\/cs\/wp-content\/uploads\/2025\/12\/FB4-1-1-2042x2048.jpeg 2042w\" sizes=\"auto, (max-width: 1021px) 100vw, 1021px\" \/><\/figure>\n\n\n\n<figure class=\"wp-block-image size-large is-resized\"><img loading=\"lazy\" decoding=\"async\" width=\"1024\" height=\"1018\" src=\"https:\/\/www.biodynamikalouny.cz\/cs\/wp-content\/uploads\/2025\/11\/FB4-1024x1018.jpeg\" alt=\"\" class=\"wp-image-984\" style=\"width:415px;height:auto\" srcset=\"https:\/\/www.biodynamikalouny.cz\/cs\/wp-content\/uploads\/2025\/11\/FB4-1024x1018.jpeg 1024w, https:\/\/www.biodynamikalouny.cz\/cs\/wp-content\/uploads\/2025\/11\/FB4-300x298.jpeg 300w, https:\/\/www.biodynamikalouny.cz\/cs\/wp-content\/uploads\/2025\/11\/FB4-150x150.jpeg 150w, https:\/\/www.biodynamikalouny.cz\/cs\/wp-content\/uploads\/2025\/11\/FB4-768x764.jpeg 768w, https:\/\/www.biodynamikalouny.cz\/cs\/wp-content\/uploads\/2025\/11\/FB4-1536x1528.jpeg 1536w, https:\/\/www.biodynamikalouny.cz\/cs\/wp-content\/uploads\/2025\/11\/FB4-2048x2037.jpeg 2048w\" sizes=\"auto, (max-width: 1024px) 100vw, 1024px\" \/><\/figure>\n","protected":false},"excerpt":{"rendered":"<p>O\u0161et\u0159en\u00ed prob\u00edh\u00e1 v&nbsp;klidn\u00e9m a hranice respektuj\u00edc\u00edm prost\u0159ed\u00ed. Na \u00favod je v\u017edy za\u0159azeno kr\u00e1tk\u00e9 pov\u00edd\u00e1n\u00ed, kde se m\u016f\u017eete vyj\u00e1d\u0159it s&nbsp;\u010d\u00edm p\u0159ich\u00e1z\u00edte. Pot\u00e9 le\u017e\u00edte v&nbsp;pohodln\u00e9 pozici na leh\u00e1tku a p\u0159ij\u00edm\u00e1te jemn\u00e9 doteky. B\u011bhem o\u0161et\u0159en\u00ed se aktivuj\u00ed samol\u00e9\u010debn\u00e9 a regenera\u010dn\u00ed procesy, organismus se harmonizuje dle sv\u00fdch pot\u0159eb. Na konci je \u010das ke spole\u010dn\u00e9mu sd\u00edlen\u00ed. Sezen\u00ed obvykle trv\u00e1 75 [&hellip;]<\/p>\n","protected":false},"author":1,"featured_media":0,"parent":0,"menu_order":0,"comment_status":"closed","ping_status":"closed","template":"","meta":{"footnotes":""},"class_list":["post-51","page","type-page","status-publish","hentry"],"yoast_head":"<!-- This site is optimized with the Yoast SEO plugin v27.4 - https:\/\/yoast.com\/product\/yoast-seo-wordpress\/ -->\n<title>Pr\u016fb\u011bh o\u0161et\u0159en\u00ed - Biodynamika Louny<\/title>\n<meta name=\"robots\" content=\"index, follow, max-snippet:-1, max-image-preview:large, max-video-preview:-1\" \/>\n<link rel=\"canonical\" href=\"https:\/\/www.biodynamikalouny.cz\/cs\/index.php\/jak-pomaha\/\" \/>\n<meta property=\"og:locale\" content=\"cs_CZ\" \/>\n<meta property=\"og:type\" content=\"article\" \/>\n<meta property=\"og:title\" content=\"Pr\u016fb\u011bh o\u0161et\u0159en\u00ed - Biodynamika Louny\" \/>\n<meta property=\"og:description\" content=\"O\u0161et\u0159en\u00ed prob\u00edh\u00e1 v&nbsp;klidn\u00e9m a hranice respektuj\u00edc\u00edm prost\u0159ed\u00ed. Na \u00favod je v\u017edy za\u0159azeno kr\u00e1tk\u00e9 pov\u00edd\u00e1n\u00ed, kde se m\u016f\u017eete vyj\u00e1d\u0159it s&nbsp;\u010d\u00edm p\u0159ich\u00e1z\u00edte. Pot\u00e9 le\u017e\u00edte v&nbsp;pohodln\u00e9 pozici na leh\u00e1tku a p\u0159ij\u00edm\u00e1te jemn\u00e9 doteky. B\u011bhem o\u0161et\u0159en\u00ed se aktivuj\u00ed samol\u00e9\u010debn\u00e9 a regenera\u010dn\u00ed procesy, organismus se harmonizuje dle sv\u00fdch pot\u0159eb. Na konci je \u010das ke spole\u010dn\u00e9mu sd\u00edlen\u00ed. Sezen\u00ed obvykle trv\u00e1 75 [&hellip;]\" \/>\n<meta property=\"og:url\" content=\"https:\/\/www.biodynamikalouny.cz\/cs\/index.php\/jak-pomaha\/\" \/>\n<meta property=\"og:site_name\" content=\"Biodynamika Louny\" \/>\n<meta property=\"article:modified_time\" content=\"2025-12-04T18:10:32+00:00\" \/>\n<meta property=\"og:image\" content=\"https:\/\/www.biodynamikalouny.cz\/cs\/wp-content\/uploads\/2025\/12\/FB4-1-1.jpeg\" \/>\n\t<meta property=\"og:image:width\" content=\"2552\" \/>\n\t<meta property=\"og:image:height\" content=\"2560\" \/>\n\t<meta property=\"og:image:type\" content=\"image\/jpeg\" \/>\n<meta name=\"twitter:card\" content=\"summary_large_image\" \/>\n<meta name=\"twitter:label1\" content=\"Odhadovan\u00e1 doba \u010dten\u00ed\" \/>\n\t<meta name=\"twitter:data1\" content=\"1 minuta\" \/>\n<script type=\"application\/ld+json\" class=\"yoast-schema-graph\">{\"@context\":\"https:\\\/\\\/schema.org\",\"@graph\":[{\"@type\":\"WebPage\",\"@id\":\"https:\\\/\\\/www.biodynamikalouny.cz\\\/cs\\\/index.php\\\/jak-pomaha\\\/\",\"url\":\"https:\\\/\\\/www.biodynamikalouny.cz\\\/cs\\\/index.php\\\/jak-pomaha\\\/\",\"name\":\"Pr\u016fb\u011bh o\u0161et\u0159en\u00ed - Biodynamika Louny\",\"isPartOf\":{\"@id\":\"https:\\\/\\\/www.biodynamikalouny.cz\\\/cs\\\/#website\"},\"primaryImageOfPage\":{\"@id\":\"https:\\\/\\\/www.biodynamikalouny.cz\\\/cs\\\/index.php\\\/jak-pomaha\\\/#primaryimage\"},\"image\":{\"@id\":\"https:\\\/\\\/www.biodynamikalouny.cz\\\/cs\\\/index.php\\\/jak-pomaha\\\/#primaryimage\"},\"thumbnailUrl\":\"https:\\\/\\\/www.biodynamikalouny.cz\\\/cs\\\/wp-content\\\/uploads\\\/2025\\\/12\\\/FB4-1-1-1021x1024.jpeg\",\"datePublished\":\"2024-09-04T14:57:37+00:00\",\"dateModified\":\"2025-12-04T18:10:32+00:00\",\"breadcrumb\":{\"@id\":\"https:\\\/\\\/www.biodynamikalouny.cz\\\/cs\\\/index.php\\\/jak-pomaha\\\/#breadcrumb\"},\"inLanguage\":\"cs\",\"potentialAction\":[{\"@type\":\"ReadAction\",\"target\":[\"https:\\\/\\\/www.biodynamikalouny.cz\\\/cs\\\/index.php\\\/jak-pomaha\\\/\"]}]},{\"@type\":\"ImageObject\",\"inLanguage\":\"cs\",\"@id\":\"https:\\\/\\\/www.biodynamikalouny.cz\\\/cs\\\/index.php\\\/jak-pomaha\\\/#primaryimage\",\"url\":\"https:\\\/\\\/www.biodynamikalouny.cz\\\/cs\\\/wp-content\\\/uploads\\\/2025\\\/12\\\/FB4-1-1.jpeg\",\"contentUrl\":\"https:\\\/\\\/www.biodynamikalouny.cz\\\/cs\\\/wp-content\\\/uploads\\\/2025\\\/12\\\/FB4-1-1.jpeg\",\"width\":2552,\"height\":2560},{\"@type\":\"BreadcrumbList\",\"@id\":\"https:\\\/\\\/www.biodynamikalouny.cz\\\/cs\\\/index.php\\\/jak-pomaha\\\/#breadcrumb\",\"itemListElement\":[{\"@type\":\"ListItem\",\"position\":1,\"name\":\"Home\",\"item\":\"https:\\\/\\\/www.biodynamikalouny.cz\\\/cs\\\/\"},{\"@type\":\"ListItem\",\"position\":2,\"name\":\"Pr\u016fb\u011bh o\u0161et\u0159en\u00ed\"}]},{\"@type\":\"WebSite\",\"@id\":\"https:\\\/\\\/www.biodynamikalouny.cz\\\/cs\\\/#website\",\"url\":\"https:\\\/\\\/www.biodynamikalouny.cz\\\/cs\\\/\",\"name\":\"Biodynamika Louny\",\"description\":\"Biodynamika Louny\",\"potentialAction\":[{\"@type\":\"SearchAction\",\"target\":{\"@type\":\"EntryPoint\",\"urlTemplate\":\"https:\\\/\\\/www.biodynamikalouny.cz\\\/cs\\\/?s={search_term_string}\"},\"query-input\":{\"@type\":\"PropertyValueSpecification\",\"valueRequired\":true,\"valueName\":\"search_term_string\"}}],\"inLanguage\":\"cs\"}]}<\/script>\n<!-- \/ Yoast SEO plugin. -->","yoast_head_json":{"title":"Pr\u016fb\u011bh o\u0161et\u0159en\u00ed - Biodynamika Louny","robots":{"index":"index","follow":"follow","max-snippet":"max-snippet:-1","max-image-preview":"max-image-preview:large","max-video-preview":"max-video-preview:-1"},"canonical":"https:\/\/www.biodynamikalouny.cz\/cs\/index.php\/jak-pomaha\/","og_locale":"cs_CZ","og_type":"article","og_title":"Pr\u016fb\u011bh o\u0161et\u0159en\u00ed - Biodynamika Louny","og_description":"O\u0161et\u0159en\u00ed prob\u00edh\u00e1 v&nbsp;klidn\u00e9m a hranice respektuj\u00edc\u00edm prost\u0159ed\u00ed. Na \u00favod je v\u017edy za\u0159azeno kr\u00e1tk\u00e9 pov\u00edd\u00e1n\u00ed, kde se m\u016f\u017eete vyj\u00e1d\u0159it s&nbsp;\u010d\u00edm p\u0159ich\u00e1z\u00edte. Pot\u00e9 le\u017e\u00edte v&nbsp;pohodln\u00e9 pozici na leh\u00e1tku a p\u0159ij\u00edm\u00e1te jemn\u00e9 doteky. B\u011bhem o\u0161et\u0159en\u00ed se aktivuj\u00ed samol\u00e9\u010debn\u00e9 a regenera\u010dn\u00ed procesy, organismus se harmonizuje dle sv\u00fdch pot\u0159eb. Na konci je \u010das ke spole\u010dn\u00e9mu sd\u00edlen\u00ed. Sezen\u00ed obvykle trv\u00e1 75 [&hellip;]","og_url":"https:\/\/www.biodynamikalouny.cz\/cs\/index.php\/jak-pomaha\/","og_site_name":"Biodynamika Louny","article_modified_time":"2025-12-04T18:10:32+00:00","og_image":[{"width":2552,"height":2560,"url":"https:\/\/www.biodynamikalouny.cz\/cs\/wp-content\/uploads\/2025\/12\/FB4-1-1.jpeg","type":"image\/jpeg"}],"twitter_card":"summary_large_image","twitter_misc":{"Odhadovan\u00e1 doba \u010dten\u00ed":"1 minuta"},"schema":{"@context":"https:\/\/schema.org","@graph":[{"@type":"WebPage","@id":"https:\/\/www.biodynamikalouny.cz\/cs\/index.php\/jak-pomaha\/","url":"https:\/\/www.biodynamikalouny.cz\/cs\/index.php\/jak-pomaha\/","name":"Pr\u016fb\u011bh o\u0161et\u0159en\u00ed - Biodynamika Louny","isPartOf":{"@id":"https:\/\/www.biodynamikalouny.cz\/cs\/#website"},"primaryImageOfPage":{"@id":"https:\/\/www.biodynamikalouny.cz\/cs\/index.php\/jak-pomaha\/#primaryimage"},"image":{"@id":"https:\/\/www.biodynamikalouny.cz\/cs\/index.php\/jak-pomaha\/#primaryimage"},"thumbnailUrl":"https:\/\/www.biodynamikalouny.cz\/cs\/wp-content\/uploads\/2025\/12\/FB4-1-1-1021x1024.jpeg","datePublished":"2024-09-04T14:57:37+00:00","dateModified":"2025-12-04T18:10:32+00:00","breadcrumb":{"@id":"https:\/\/www.biodynamikalouny.cz\/cs\/index.php\/jak-pomaha\/#breadcrumb"},"inLanguage":"cs","potentialAction":[{"@type":"ReadAction","target":["https:\/\/www.biodynamikalouny.cz\/cs\/index.php\/jak-pomaha\/"]}]},{"@type":"ImageObject","inLanguage":"cs","@id":"https:\/\/www.biodynamikalouny.cz\/cs\/index.php\/jak-pomaha\/#primaryimage","url":"https:\/\/www.biodynamikalouny.cz\/cs\/wp-content\/uploads\/2025\/12\/FB4-1-1.jpeg","contentUrl":"https:\/\/www.biodynamikalouny.cz\/cs\/wp-content\/uploads\/2025\/12\/FB4-1-1.jpeg","width":2552,"height":2560},{"@type":"BreadcrumbList","@id":"https:\/\/www.biodynamikalouny.cz\/cs\/index.php\/jak-pomaha\/#breadcrumb","itemListElement":[{"@type":"ListItem","position":1,"name":"Home","item":"https:\/\/www.biodynamikalouny.cz\/cs\/"},{"@type":"ListItem","position":2,"name":"Pr\u016fb\u011bh o\u0161et\u0159en\u00ed"}]},{"@type":"WebSite","@id":"https:\/\/www.biodynamikalouny.cz\/cs\/#website","url":"https:\/\/www.biodynamikalouny.cz\/cs\/","name":"Biodynamika Louny","description":"Biodynamika Louny","potentialAction":[{"@type":"SearchAction","target":{"@type":"EntryPoint","urlTemplate":"https:\/\/www.biodynamikalouny.cz\/cs\/?s={search_term_string}"},"query-input":{"@type":"PropertyValueSpecification","valueRequired":true,"valueName":"search_term_string"}}],"inLanguage":"cs"}]}},"_links":{"self":[{"href":"https:\/\/www.biodynamikalouny.cz\/cs\/index.php\/wp-json\/wp\/v2\/pages\/51","targetHints":{"allow":["GET"]}}],"collection":[{"href":"https:\/\/www.biodynamikalouny.cz\/cs\/index.php\/wp-json\/wp\/v2\/pages"}],"about":[{"href":"https:\/\/www.biodynamikalouny.cz\/cs\/index.php\/wp-json\/wp\/v2\/types\/page"}],"author":[{"embeddable":true,"href":"https:\/\/www.biodynamikalouny.cz\/cs\/index.php\/wp-json\/wp\/v2\/users\/1"}],"replies":[{"embeddable":true,"href":"https:\/\/www.biodynamikalouny.cz\/cs\/index.php\/wp-json\/wp\/v2\/comments?post=51"}],"version-history":[{"count":5,"href":"https:\/\/www.biodynamikalouny.cz\/cs\/index.php\/wp-json\/wp\/v2\/pages\/51\/revisions"}],"predecessor-version":[{"id":1000,"href":"https:\/\/www.biodynamikalouny.cz\/cs\/index.php\/wp-json\/wp\/v2\/pages\/51\/revisions\/1000"}],"wp:attachment":[{"href":"https:\/\/www.biodynamikalouny.cz\/cs\/index.php\/wp-json\/wp\/v2\/media?parent=51"}],"curies":[{"name":"wp","href":"https:\/\/api.w.org\/{rel}","templated":true}]}}