{"id":50,"date":"2024-09-04T16:57:37","date_gmt":"2024-09-04T14:57:37","guid":{"rendered":"https:\/\/www.biodynamikalouny.cz\/cs\/?page_id=50"},"modified":"2025-03-10T16:46:41","modified_gmt":"2025-03-10T15:46:41","slug":"kde-pomaha","status":"publish","type":"page","link":"https:\/\/www.biodynamikalouny.cz\/cs\/index.php\/kde-pomaha\/","title":{"rendered":"Kde pom\u00e1h\u00e1"},"content":{"rendered":"\n<div style=\"height:15px\" aria-hidden=\"true\" class=\"wp-block-spacer\"><\/div>\n\n\n\n<ul class=\"wp-block-list has-black-color has-text-color has-link-color wp-elements-d7ac7741ae20da520d01ab77868fb488\">\n<li>Ke&nbsp;zm\u00edrn\u011bn\u00ed bolest\u00ed a&nbsp;chronick\u00fdch pot\u00ed\u017e\u00ed pohybov\u00e9ho \u00fastroj\u00ed<\/li>\n\n\n\n<li>P\u0159i bolestech hlavy, migr\u00e9n\u00e1ch<\/li>\n\n\n\n<li>P\u0159i probl\u00e9mech s \u010delistmi, dutinami, zrakem, \u010dichem a sluchem <\/li>\n\n\n\n<li>Harmonizace metabolismu, imunitn\u00edho syst\u00e9mu<\/li>\n\n\n\n<li>P\u0159i hormon\u00e1ln\u00ed nerovnov\u00e1ze<\/li>\n\n\n\n<li>P\u0159i za\u017e\u00edvac\u00edch pot\u00ed\u017e\u00edch<\/li>\n\n\n\n<li>Zm\u00edr\u0148uje stres a\u00a0nap\u011bt\u00ed<\/li>\n<\/ul>\n\n\n\n<div style=\"height:15px\" aria-hidden=\"true\" class=\"wp-block-spacer\"><\/div>\n\n\n\n<p class=\"has-black-color has-text-color has-link-color wp-elements-362fc880c93e2b453c70477e0dfb7b3b\"><strong>Zm\u00edrn\u011bn\u00ed n\u00e1sledk\u016f traumatu<\/strong><\/p>\n\n\n\n<ul class=\"wp-block-list has-black-color has-text-color has-link-color wp-elements-4a3914650d48845ac4be7cf9d51492ea\">\n<li>\u00darazy, operace<\/li>\n\n\n\n<li>Emocion\u00e1ln\u00ed bloky<\/li>\n\n\n\n<li>Poruchy sp\u00e1nku<\/li>\n\n\n\n<li>Proti chronick\u00e9 \u00fanav\u011b a vy\u010derpanosti<\/li>\n<\/ul>\n\n\n\n<div style=\"height:15px\" aria-hidden=\"true\" class=\"wp-block-spacer\"><\/div>\n\n\n\n<p class=\"has-black-color has-text-color has-link-color wp-elements-45cf99a2bf741d6763c20ece3d1e66da\"><strong>Jako podpora v&nbsp;procesu sebepozn\u00e1n\u00ed<\/strong><\/p>\n\n\n\n<ul class=\"wp-block-list has-black-color has-text-color has-link-color wp-elements-70c7e59f33dbefc30ccd8ba0ccd332d4\">\n<li>Prohlubuje uv\u011bdomov\u00e1n\u00ed si&nbsp;sebe a&nbsp;reakc\u00ed sv\u00e9ho t\u011bla<\/li>\n\n\n\n<li>Propojuje t\u011blo, mysl a&nbsp;du\u0161i<\/li>\n<\/ul>\n\n\n\n<div style=\"height:15px\" aria-hidden=\"true\" class=\"wp-block-spacer\"><\/div>\n\n\n\n<figure class=\"wp-block-image size-large is-resized\"><img loading=\"lazy\" decoding=\"async\" width=\"576\" height=\"1024\" src=\"https:\/\/www.biodynamikalouny.cz\/cs\/wp-content\/uploads\/2025\/03\/majestyctree2-576x1024.jpg\" alt=\"\" class=\"wp-image-851\" style=\"width:566px;height:auto\" srcset=\"https:\/\/www.biodynamikalouny.cz\/cs\/wp-content\/uploads\/2025\/03\/majestyctree2-576x1024.jpg 576w, https:\/\/www.biodynamikalouny.cz\/cs\/wp-content\/uploads\/2025\/03\/majestyctree2-169x300.jpg 169w, https:\/\/www.biodynamikalouny.cz\/cs\/wp-content\/uploads\/2025\/03\/majestyctree2-768x1365.jpg 768w, https:\/\/www.biodynamikalouny.cz\/cs\/wp-content\/uploads\/2025\/03\/majestyctree2-864x1536.jpg 864w, https:\/\/www.biodynamikalouny.cz\/cs\/wp-content\/uploads\/2025\/03\/majestyctree2-1152x2048.jpg 1152w, https:\/\/www.biodynamikalouny.cz\/cs\/wp-content\/uploads\/2025\/03\/majestyctree2.jpg 1440w\" sizes=\"auto, (max-width: 576px) 100vw, 576px\" \/><\/figure>\n","protected":false},"excerpt":{"rendered":"<p>Zm\u00edrn\u011bn\u00ed n\u00e1sledk\u016f traumatu Jako podpora v&nbsp;procesu sebepozn\u00e1n\u00ed<\/p>\n","protected":false},"author":1,"featured_media":0,"parent":0,"menu_order":0,"comment_status":"closed","ping_status":"closed","template":"","meta":{"footnotes":""},"class_list":["post-50","page","type-page","status-publish","hentry"],"yoast_head":"<!-- This site is optimized with the Yoast SEO plugin v27.4 - https:\/\/yoast.com\/product\/yoast-seo-wordpress\/ -->\n<title>Kde pom\u00e1h\u00e1 - Biodynamika Louny<\/title>\n<meta name=\"robots\" content=\"index, follow, max-snippet:-1, max-image-preview:large, max-video-preview:-1\" \/>\n<link rel=\"canonical\" href=\"https:\/\/www.biodynamikalouny.cz\/cs\/index.php\/kde-pomaha\/\" \/>\n<meta property=\"og:locale\" content=\"cs_CZ\" \/>\n<meta property=\"og:type\" content=\"article\" \/>\n<meta property=\"og:title\" content=\"Kde pom\u00e1h\u00e1 - Biodynamika Louny\" \/>\n<meta property=\"og:description\" content=\"Zm\u00edrn\u011bn\u00ed n\u00e1sledk\u016f traumatu Jako podpora v&nbsp;procesu sebepozn\u00e1n\u00ed\" \/>\n<meta property=\"og:url\" content=\"https:\/\/www.biodynamikalouny.cz\/cs\/index.php\/kde-pomaha\/\" \/>\n<meta property=\"og:site_name\" content=\"Biodynamika Louny\" \/>\n<meta property=\"article:modified_time\" content=\"2025-03-10T15:46:41+00:00\" \/>\n<meta property=\"og:image\" content=\"https:\/\/www.biodynamikalouny.cz\/cs\/wp-content\/uploads\/2025\/03\/majestyctree2.jpg\" \/>\n\t<meta property=\"og:image:width\" content=\"1440\" \/>\n\t<meta property=\"og:image:height\" content=\"2560\" \/>\n\t<meta property=\"og:image:type\" content=\"image\/jpeg\" \/>\n<meta name=\"twitter:card\" content=\"summary_large_image\" \/>\n<meta name=\"twitter:label1\" content=\"Odhadovan\u00e1 doba \u010dten\u00ed\" \/>\n\t<meta name=\"twitter:data1\" content=\"1 minuta\" \/>\n<script type=\"application\/ld+json\" class=\"yoast-schema-graph\">{\"@context\":\"https:\\\/\\\/schema.org\",\"@graph\":[{\"@type\":\"WebPage\",\"@id\":\"https:\\\/\\\/www.biodynamikalouny.cz\\\/cs\\\/index.php\\\/kde-pomaha\\\/\",\"url\":\"https:\\\/\\\/www.biodynamikalouny.cz\\\/cs\\\/index.php\\\/kde-pomaha\\\/\",\"name\":\"Kde pom\u00e1h\u00e1 - Biodynamika Louny\",\"isPartOf\":{\"@id\":\"https:\\\/\\\/www.biodynamikalouny.cz\\\/cs\\\/#website\"},\"primaryImageOfPage\":{\"@id\":\"https:\\\/\\\/www.biodynamikalouny.cz\\\/cs\\\/index.php\\\/kde-pomaha\\\/#primaryimage\"},\"image\":{\"@id\":\"https:\\\/\\\/www.biodynamikalouny.cz\\\/cs\\\/index.php\\\/kde-pomaha\\\/#primaryimage\"},\"thumbnailUrl\":\"https:\\\/\\\/www.biodynamikalouny.cz\\\/cs\\\/wp-content\\\/uploads\\\/2025\\\/03\\\/majestyctree2-576x1024.jpg\",\"datePublished\":\"2024-09-04T14:57:37+00:00\",\"dateModified\":\"2025-03-10T15:46:41+00:00\",\"breadcrumb\":{\"@id\":\"https:\\\/\\\/www.biodynamikalouny.cz\\\/cs\\\/index.php\\\/kde-pomaha\\\/#breadcrumb\"},\"inLanguage\":\"cs\",\"potentialAction\":[{\"@type\":\"ReadAction\",\"target\":[\"https:\\\/\\\/www.biodynamikalouny.cz\\\/cs\\\/index.php\\\/kde-pomaha\\\/\"]}]},{\"@type\":\"ImageObject\",\"inLanguage\":\"cs\",\"@id\":\"https:\\\/\\\/www.biodynamikalouny.cz\\\/cs\\\/index.php\\\/kde-pomaha\\\/#primaryimage\",\"url\":\"https:\\\/\\\/www.biodynamikalouny.cz\\\/cs\\\/wp-content\\\/uploads\\\/2025\\\/03\\\/majestyctree2.jpg\",\"contentUrl\":\"https:\\\/\\\/www.biodynamikalouny.cz\\\/cs\\\/wp-content\\\/uploads\\\/2025\\\/03\\\/majestyctree2.jpg\",\"width\":1440,\"height\":2560},{\"@type\":\"BreadcrumbList\",\"@id\":\"https:\\\/\\\/www.biodynamikalouny.cz\\\/cs\\\/index.php\\\/kde-pomaha\\\/#breadcrumb\",\"itemListElement\":[{\"@type\":\"ListItem\",\"position\":1,\"name\":\"Home\",\"item\":\"https:\\\/\\\/www.biodynamikalouny.cz\\\/cs\\\/\"},{\"@type\":\"ListItem\",\"position\":2,\"name\":\"Kde pom\u00e1h\u00e1\"}]},{\"@type\":\"WebSite\",\"@id\":\"https:\\\/\\\/www.biodynamikalouny.cz\\\/cs\\\/#website\",\"url\":\"https:\\\/\\\/www.biodynamikalouny.cz\\\/cs\\\/\",\"name\":\"Biodynamika Louny\",\"description\":\"Biodynamika Louny\",\"potentialAction\":[{\"@type\":\"SearchAction\",\"target\":{\"@type\":\"EntryPoint\",\"urlTemplate\":\"https:\\\/\\\/www.biodynamikalouny.cz\\\/cs\\\/?s={search_term_string}\"},\"query-input\":{\"@type\":\"PropertyValueSpecification\",\"valueRequired\":true,\"valueName\":\"search_term_string\"}}],\"inLanguage\":\"cs\"}]}<\/script>\n<!-- \/ Yoast SEO plugin. -->","yoast_head_json":{"title":"Kde pom\u00e1h\u00e1 - Biodynamika Louny","robots":{"index":"index","follow":"follow","max-snippet":"max-snippet:-1","max-image-preview":"max-image-preview:large","max-video-preview":"max-video-preview:-1"},"canonical":"https:\/\/www.biodynamikalouny.cz\/cs\/index.php\/kde-pomaha\/","og_locale":"cs_CZ","og_type":"article","og_title":"Kde pom\u00e1h\u00e1 - Biodynamika Louny","og_description":"Zm\u00edrn\u011bn\u00ed n\u00e1sledk\u016f traumatu Jako podpora v&nbsp;procesu sebepozn\u00e1n\u00ed","og_url":"https:\/\/www.biodynamikalouny.cz\/cs\/index.php\/kde-pomaha\/","og_site_name":"Biodynamika Louny","article_modified_time":"2025-03-10T15:46:41+00:00","og_image":[{"width":1440,"height":2560,"url":"https:\/\/www.biodynamikalouny.cz\/cs\/wp-content\/uploads\/2025\/03\/majestyctree2.jpg","type":"image\/jpeg"}],"twitter_card":"summary_large_image","twitter_misc":{"Odhadovan\u00e1 doba \u010dten\u00ed":"1 minuta"},"schema":{"@context":"https:\/\/schema.org","@graph":[{"@type":"WebPage","@id":"https:\/\/www.biodynamikalouny.cz\/cs\/index.php\/kde-pomaha\/","url":"https:\/\/www.biodynamikalouny.cz\/cs\/index.php\/kde-pomaha\/","name":"Kde pom\u00e1h\u00e1 - Biodynamika Louny","isPartOf":{"@id":"https:\/\/www.biodynamikalouny.cz\/cs\/#website"},"primaryImageOfPage":{"@id":"https:\/\/www.biodynamikalouny.cz\/cs\/index.php\/kde-pomaha\/#primaryimage"},"image":{"@id":"https:\/\/www.biodynamikalouny.cz\/cs\/index.php\/kde-pomaha\/#primaryimage"},"thumbnailUrl":"https:\/\/www.biodynamikalouny.cz\/cs\/wp-content\/uploads\/2025\/03\/majestyctree2-576x1024.jpg","datePublished":"2024-09-04T14:57:37+00:00","dateModified":"2025-03-10T15:46:41+00:00","breadcrumb":{"@id":"https:\/\/www.biodynamikalouny.cz\/cs\/index.php\/kde-pomaha\/#breadcrumb"},"inLanguage":"cs","potentialAction":[{"@type":"ReadAction","target":["https:\/\/www.biodynamikalouny.cz\/cs\/index.php\/kde-pomaha\/"]}]},{"@type":"ImageObject","inLanguage":"cs","@id":"https:\/\/www.biodynamikalouny.cz\/cs\/index.php\/kde-pomaha\/#primaryimage","url":"https:\/\/www.biodynamikalouny.cz\/cs\/wp-content\/uploads\/2025\/03\/majestyctree2.jpg","contentUrl":"https:\/\/www.biodynamikalouny.cz\/cs\/wp-content\/uploads\/2025\/03\/majestyctree2.jpg","width":1440,"height":2560},{"@type":"BreadcrumbList","@id":"https:\/\/www.biodynamikalouny.cz\/cs\/index.php\/kde-pomaha\/#breadcrumb","itemListElement":[{"@type":"ListItem","position":1,"name":"Home","item":"https:\/\/www.biodynamikalouny.cz\/cs\/"},{"@type":"ListItem","position":2,"name":"Kde pom\u00e1h\u00e1"}]},{"@type":"WebSite","@id":"https:\/\/www.biodynamikalouny.cz\/cs\/#website","url":"https:\/\/www.biodynamikalouny.cz\/cs\/","name":"Biodynamika Louny","description":"Biodynamika Louny","potentialAction":[{"@type":"SearchAction","target":{"@type":"EntryPoint","urlTemplate":"https:\/\/www.biodynamikalouny.cz\/cs\/?s={search_term_string}"},"query-input":{"@type":"PropertyValueSpecification","valueRequired":true,"valueName":"search_term_string"}}],"inLanguage":"cs"}]}},"_links":{"self":[{"href":"https:\/\/www.biodynamikalouny.cz\/cs\/index.php\/wp-json\/wp\/v2\/pages\/50","targetHints":{"allow":["GET"]}}],"collection":[{"href":"https:\/\/www.biodynamikalouny.cz\/cs\/index.php\/wp-json\/wp\/v2\/pages"}],"about":[{"href":"https:\/\/www.biodynamikalouny.cz\/cs\/index.php\/wp-json\/wp\/v2\/types\/page"}],"author":[{"embeddable":true,"href":"https:\/\/www.biodynamikalouny.cz\/cs\/index.php\/wp-json\/wp\/v2\/users\/1"}],"replies":[{"embeddable":true,"href":"https:\/\/www.biodynamikalouny.cz\/cs\/index.php\/wp-json\/wp\/v2\/comments?post=50"}],"version-history":[{"count":5,"href":"https:\/\/www.biodynamikalouny.cz\/cs\/index.php\/wp-json\/wp\/v2\/pages\/50\/revisions"}],"predecessor-version":[{"id":872,"href":"https:\/\/www.biodynamikalouny.cz\/cs\/index.php\/wp-json\/wp\/v2\/pages\/50\/revisions\/872"}],"wp:attachment":[{"href":"https:\/\/www.biodynamikalouny.cz\/cs\/index.php\/wp-json\/wp\/v2\/media?parent=50"}],"curies":[{"name":"wp","href":"https:\/\/api.w.org\/{rel}","templated":true}]}}