{"id":44,"date":"2024-09-04T16:56:45","date_gmt":"2024-09-04T14:56:45","guid":{"rendered":"https:\/\/www.biodynamikalouny.cz\/cs\/?page_id=44"},"modified":"2025-03-03T13:16:31","modified_gmt":"2025-03-03T12:16:31","slug":"o-metode","status":"publish","type":"page","link":"https:\/\/www.biodynamikalouny.cz\/cs\/index.php\/o-metode\/","title":{"rendered":"O metod\u011b"},"content":{"rendered":"\n<div style=\"height:20px\" aria-hidden=\"true\" class=\"wp-block-spacer\"><\/div>\n\n\n\n<p class=\"has-text-align-center has-black-color has-text-color has-link-color wp-elements-a0323984bd9d133cc4758845eb8a8c6e\" style=\"font-size:20px;text-decoration:underline\"><strong><em>Kraniosakr\u00e1ln\u00ed biodynamika<\/em><\/strong><\/p>\n\n\n\n<div style=\"height:10px\" aria-hidden=\"true\" class=\"wp-block-spacer\"><\/div>\n\n\n\n<p class=\"has-black-color has-text-color has-link-color wp-elements-ba52ec29feb22d3cc62b5f7f895b643f\">Je\u00a0holistick\u00e1 harmoniza\u010dn\u00ed metoda, kter\u00e1\u00a0celostn\u00edm a\u00a0bezpe\u010dn\u00fdm\u00a0p\u0159\u00edstupem pom\u00e1h\u00e1 na\u0161emu syst\u00e9mu naj\u00edt cestu k\u00a0rovnov\u00e1ze &#8211; tedy zp\u011bt\u00a0ke\u00a0zdrav\u00ed. N\u00e1zev terapie vych\u00e1z\u00ed z\u00a0latinsk\u00fdch n\u00e1zv\u016f pro lebku (cranium) a\u00a0kost k\u0159\u00ed\u017eovou (sacrum).<\/p>\n\n\n\n<p class=\"has-black-color has-text-color has-link-color wp-elements-d5790a90f0304fc4fa8ce63bf77a4dcf\">Kraniosakr\u00e1ln\u00ed (lebka-k\u0159\u00ed\u017e) dotek v hlubok\u00e9m klidu a pozornosti, d\u00e1v\u00e1 prostor t\u011blu regenerovat a pom\u00e1h\u00e1 odblokovat n\u00e1sledky stresov\u00fdch reakc\u00ed ulo\u017een\u00fdch hluboko v tk\u00e1n\u00edch. M\u016f\u017ee pomoci nap\u0159\u00edklad p\u0159i nespecifick\u00fdch bolestech (hlava, \u010delist, pohybov\u00fd apar\u00e1t), pot\u00ed\u017e\u00edch s tr\u00e1ven\u00edm, p\u0159i \u00fanav\u011b a nadm\u011brn\u00e9m stresu, s regulac\u00ed hormon\u00e1ln\u00edho syst\u00e9mu \u010di s emo\u010dn\u00edmi bloky. Dotekem se t\u011blo p\u0159irozen\u011b navrac\u00ed k harmonii tady a te\u010f. Osvobozuje, uvol\u0148uje \u017eivotn\u00ed s\u00edlu, o\u017eivuje jej\u00ed tok a vitalitu a t\u00edm nastartov\u00e1v\u00e1 samol\u00e9\u010den\u00ed organismu jako celku (v rovin\u011b fyzick\u00e9-struktur\u00e1ln\u00ed, emo\u010dn\u00ed i ment\u00e1ln\u00ed-duchovn\u00ed).<\/p>\n\n\n\n<p class=\"has-black-color has-text-color has-link-color wp-elements-dc37e64163b9b76b29685e8ee098e304\">Jemn\u00e1, nebolestiv\u00e1 manu\u00e1ln\u00ed terapie bez manipulac\u00ed, zalo\u017een\u00e1 na naslouch\u00e1n\u00ed na\u0161im tk\u00e1n\u00edm, pro klienta p\u0159\u00edjemn\u00e1. Zalo\u017eena na pr\u00e1ci rukou, kter\u00e9 na t\u011blo p\u016fsob\u00ed jemn\u00fdmi tlaky a tahy.<\/p>\n\n\n\n<div style=\"height:50px\" aria-hidden=\"true\" class=\"wp-block-spacer\"><\/div>\n\n\n\n<p class=\"has-text-align-center has-black-color has-text-color has-link-color wp-elements-409a4da72e581cbac1478931e171aa8d\" style=\"font-size:20px;text-decoration:underline\"><strong><em>HISTORIE<\/em><\/strong><\/p>\n\n\n\n<div style=\"height:10px\" aria-hidden=\"true\" class=\"wp-block-spacer\"><\/div>\n\n\n\n<p class=\"has-black-color has-text-color has-link-color wp-elements-565ef0b84bae51e06079bd6d2eb63737\"><strong>Historie<\/strong> se datuje od po\u010d\u00e1tku 20. stolet\u00ed, kdy tyto l\u00e9\u010debn\u00e9 procesy objevil a&nbsp;popsal&nbsp;Dr. William Garner Sutherland&nbsp;(1873\u20131954). P\u0159i sv\u00fdch experimentech vych\u00e1zel z&nbsp;osteopatie&nbsp;Dr. Andrewa Taylora Stilla&nbsp;(1827-1917) u kter\u00e9ho studoval.<\/p>\n\n\n\n<p class=\"has-black-color has-text-color has-link-color wp-elements-5c3dc1f398b431aa3ef06df1007930d7\">Pozoroval, jak se&nbsp;chov\u00e1 centr\u00e1ln\u00ed nervov\u00fd syst\u00e9m mezi lebkou (&nbsp;cranium&nbsp;) a&nbsp;kost\u00ed k\u0159\u00ed\u017eovou (&nbsp;sacrum&nbsp;) a zjistil, \u017ee lebe\u010dn\u00ed kosti nejsou ve&nbsp;skute\u010dnosti srostl\u00e9 a&nbsp;\u017ee se&nbsp;pohybuj\u00ed pomal\u00fdm rytmick\u00fdm pohybem. Tento pohyb se tak\u00e9 naz\u00fdv\u00e1 <strong>dechem \u017eivota<\/strong>.<\/p>\n\n\n\n<div style=\"height:100px\" aria-hidden=\"true\" class=\"wp-block-spacer\"><\/div>\n\n\n\n<div style=\"height:100px\" aria-hidden=\"true\" class=\"wp-block-spacer\"><\/div>\n\n\n\n<div style=\"height:100px\" aria-hidden=\"true\" class=\"wp-block-spacer\"><\/div>\n\n\n\n<div style=\"height:100px\" aria-hidden=\"true\" class=\"wp-block-spacer\"><\/div>\n","protected":false},"excerpt":{"rendered":"<p>Kraniosakr\u00e1ln\u00ed biodynamika Je\u00a0holistick\u00e1 harmoniza\u010dn\u00ed metoda, kter\u00e1\u00a0celostn\u00edm a\u00a0bezpe\u010dn\u00fdm\u00a0p\u0159\u00edstupem pom\u00e1h\u00e1 na\u0161emu syst\u00e9mu naj\u00edt cestu k\u00a0rovnov\u00e1ze &#8211; tedy zp\u011bt\u00a0ke\u00a0zdrav\u00ed. N\u00e1zev terapie vych\u00e1z\u00ed z\u00a0latinsk\u00fdch n\u00e1zv\u016f pro lebku (cranium) a\u00a0kost k\u0159\u00ed\u017eovou (sacrum). Kraniosakr\u00e1ln\u00ed (lebka-k\u0159\u00ed\u017e) dotek v hlubok\u00e9m klidu a pozornosti, d\u00e1v\u00e1 prostor t\u011blu regenerovat a pom\u00e1h\u00e1 odblokovat n\u00e1sledky stresov\u00fdch reakc\u00ed ulo\u017een\u00fdch hluboko v tk\u00e1n\u00edch. M\u016f\u017ee pomoci nap\u0159\u00edklad p\u0159i nespecifick\u00fdch bolestech [&hellip;]<\/p>\n","protected":false},"author":1,"featured_media":0,"parent":0,"menu_order":0,"comment_status":"closed","ping_status":"closed","template":"","meta":{"footnotes":""},"class_list":["post-44","page","type-page","status-publish","hentry"],"yoast_head":"<!-- This site is optimized with the Yoast SEO plugin v27.4 - https:\/\/yoast.com\/product\/yoast-seo-wordpress\/ -->\n<title>O metod\u011b - Biodynamika Louny<\/title>\n<meta name=\"robots\" content=\"index, follow, max-snippet:-1, max-image-preview:large, max-video-preview:-1\" \/>\n<link rel=\"canonical\" href=\"https:\/\/www.biodynamikalouny.cz\/cs\/index.php\/o-metode\/\" \/>\n<meta property=\"og:locale\" content=\"cs_CZ\" \/>\n<meta property=\"og:type\" content=\"article\" \/>\n<meta property=\"og:title\" content=\"O metod\u011b - Biodynamika Louny\" \/>\n<meta property=\"og:description\" content=\"Kraniosakr\u00e1ln\u00ed biodynamika Je\u00a0holistick\u00e1 harmoniza\u010dn\u00ed metoda, kter\u00e1\u00a0celostn\u00edm a\u00a0bezpe\u010dn\u00fdm\u00a0p\u0159\u00edstupem pom\u00e1h\u00e1 na\u0161emu syst\u00e9mu naj\u00edt cestu k\u00a0rovnov\u00e1ze &#8211; tedy zp\u011bt\u00a0ke\u00a0zdrav\u00ed. N\u00e1zev terapie vych\u00e1z\u00ed z\u00a0latinsk\u00fdch n\u00e1zv\u016f pro lebku (cranium) a\u00a0kost k\u0159\u00ed\u017eovou (sacrum). Kraniosakr\u00e1ln\u00ed (lebka-k\u0159\u00ed\u017e) dotek v hlubok\u00e9m klidu a pozornosti, d\u00e1v\u00e1 prostor t\u011blu regenerovat a pom\u00e1h\u00e1 odblokovat n\u00e1sledky stresov\u00fdch reakc\u00ed ulo\u017een\u00fdch hluboko v tk\u00e1n\u00edch. M\u016f\u017ee pomoci nap\u0159\u00edklad p\u0159i nespecifick\u00fdch bolestech [&hellip;]\" \/>\n<meta property=\"og:url\" content=\"https:\/\/www.biodynamikalouny.cz\/cs\/index.php\/o-metode\/\" \/>\n<meta property=\"og:site_name\" content=\"Biodynamika Louny\" \/>\n<meta property=\"article:modified_time\" content=\"2025-03-03T12:16:31+00:00\" \/>\n<meta name=\"twitter:card\" content=\"summary_large_image\" \/>\n<meta name=\"twitter:label1\" content=\"Odhadovan\u00e1 doba \u010dten\u00ed\" \/>\n\t<meta name=\"twitter:data1\" content=\"2 minuty\" \/>\n<script type=\"application\/ld+json\" class=\"yoast-schema-graph\">{\"@context\":\"https:\\\/\\\/schema.org\",\"@graph\":[{\"@type\":\"WebPage\",\"@id\":\"https:\\\/\\\/www.biodynamikalouny.cz\\\/cs\\\/index.php\\\/o-metode\\\/\",\"url\":\"https:\\\/\\\/www.biodynamikalouny.cz\\\/cs\\\/index.php\\\/o-metode\\\/\",\"name\":\"O metod\u011b - Biodynamika Louny\",\"isPartOf\":{\"@id\":\"https:\\\/\\\/www.biodynamikalouny.cz\\\/cs\\\/#website\"},\"datePublished\":\"2024-09-04T14:56:45+00:00\",\"dateModified\":\"2025-03-03T12:16:31+00:00\",\"breadcrumb\":{\"@id\":\"https:\\\/\\\/www.biodynamikalouny.cz\\\/cs\\\/index.php\\\/o-metode\\\/#breadcrumb\"},\"inLanguage\":\"cs\",\"potentialAction\":[{\"@type\":\"ReadAction\",\"target\":[\"https:\\\/\\\/www.biodynamikalouny.cz\\\/cs\\\/index.php\\\/o-metode\\\/\"]}]},{\"@type\":\"BreadcrumbList\",\"@id\":\"https:\\\/\\\/www.biodynamikalouny.cz\\\/cs\\\/index.php\\\/o-metode\\\/#breadcrumb\",\"itemListElement\":[{\"@type\":\"ListItem\",\"position\":1,\"name\":\"Home\",\"item\":\"https:\\\/\\\/www.biodynamikalouny.cz\\\/cs\\\/\"},{\"@type\":\"ListItem\",\"position\":2,\"name\":\"O metod\u011b\"}]},{\"@type\":\"WebSite\",\"@id\":\"https:\\\/\\\/www.biodynamikalouny.cz\\\/cs\\\/#website\",\"url\":\"https:\\\/\\\/www.biodynamikalouny.cz\\\/cs\\\/\",\"name\":\"Biodynamika Louny\",\"description\":\"Biodynamika Louny\",\"potentialAction\":[{\"@type\":\"SearchAction\",\"target\":{\"@type\":\"EntryPoint\",\"urlTemplate\":\"https:\\\/\\\/www.biodynamikalouny.cz\\\/cs\\\/?s={search_term_string}\"},\"query-input\":{\"@type\":\"PropertyValueSpecification\",\"valueRequired\":true,\"valueName\":\"search_term_string\"}}],\"inLanguage\":\"cs\"}]}<\/script>\n<!-- \/ Yoast SEO plugin. -->","yoast_head_json":{"title":"O metod\u011b - Biodynamika Louny","robots":{"index":"index","follow":"follow","max-snippet":"max-snippet:-1","max-image-preview":"max-image-preview:large","max-video-preview":"max-video-preview:-1"},"canonical":"https:\/\/www.biodynamikalouny.cz\/cs\/index.php\/o-metode\/","og_locale":"cs_CZ","og_type":"article","og_title":"O metod\u011b - Biodynamika Louny","og_description":"Kraniosakr\u00e1ln\u00ed biodynamika Je\u00a0holistick\u00e1 harmoniza\u010dn\u00ed metoda, kter\u00e1\u00a0celostn\u00edm a\u00a0bezpe\u010dn\u00fdm\u00a0p\u0159\u00edstupem pom\u00e1h\u00e1 na\u0161emu syst\u00e9mu naj\u00edt cestu k\u00a0rovnov\u00e1ze &#8211; tedy zp\u011bt\u00a0ke\u00a0zdrav\u00ed. N\u00e1zev terapie vych\u00e1z\u00ed z\u00a0latinsk\u00fdch n\u00e1zv\u016f pro lebku (cranium) a\u00a0kost k\u0159\u00ed\u017eovou (sacrum). Kraniosakr\u00e1ln\u00ed (lebka-k\u0159\u00ed\u017e) dotek v hlubok\u00e9m klidu a pozornosti, d\u00e1v\u00e1 prostor t\u011blu regenerovat a pom\u00e1h\u00e1 odblokovat n\u00e1sledky stresov\u00fdch reakc\u00ed ulo\u017een\u00fdch hluboko v tk\u00e1n\u00edch. M\u016f\u017ee pomoci nap\u0159\u00edklad p\u0159i nespecifick\u00fdch bolestech [&hellip;]","og_url":"https:\/\/www.biodynamikalouny.cz\/cs\/index.php\/o-metode\/","og_site_name":"Biodynamika Louny","article_modified_time":"2025-03-03T12:16:31+00:00","twitter_card":"summary_large_image","twitter_misc":{"Odhadovan\u00e1 doba \u010dten\u00ed":"2 minuty"},"schema":{"@context":"https:\/\/schema.org","@graph":[{"@type":"WebPage","@id":"https:\/\/www.biodynamikalouny.cz\/cs\/index.php\/o-metode\/","url":"https:\/\/www.biodynamikalouny.cz\/cs\/index.php\/o-metode\/","name":"O metod\u011b - Biodynamika Louny","isPartOf":{"@id":"https:\/\/www.biodynamikalouny.cz\/cs\/#website"},"datePublished":"2024-09-04T14:56:45+00:00","dateModified":"2025-03-03T12:16:31+00:00","breadcrumb":{"@id":"https:\/\/www.biodynamikalouny.cz\/cs\/index.php\/o-metode\/#breadcrumb"},"inLanguage":"cs","potentialAction":[{"@type":"ReadAction","target":["https:\/\/www.biodynamikalouny.cz\/cs\/index.php\/o-metode\/"]}]},{"@type":"BreadcrumbList","@id":"https:\/\/www.biodynamikalouny.cz\/cs\/index.php\/o-metode\/#breadcrumb","itemListElement":[{"@type":"ListItem","position":1,"name":"Home","item":"https:\/\/www.biodynamikalouny.cz\/cs\/"},{"@type":"ListItem","position":2,"name":"O metod\u011b"}]},{"@type":"WebSite","@id":"https:\/\/www.biodynamikalouny.cz\/cs\/#website","url":"https:\/\/www.biodynamikalouny.cz\/cs\/","name":"Biodynamika Louny","description":"Biodynamika Louny","potentialAction":[{"@type":"SearchAction","target":{"@type":"EntryPoint","urlTemplate":"https:\/\/www.biodynamikalouny.cz\/cs\/?s={search_term_string}"},"query-input":{"@type":"PropertyValueSpecification","valueRequired":true,"valueName":"search_term_string"}}],"inLanguage":"cs"}]}},"_links":{"self":[{"href":"https:\/\/www.biodynamikalouny.cz\/cs\/index.php\/wp-json\/wp\/v2\/pages\/44","targetHints":{"allow":["GET"]}}],"collection":[{"href":"https:\/\/www.biodynamikalouny.cz\/cs\/index.php\/wp-json\/wp\/v2\/pages"}],"about":[{"href":"https:\/\/www.biodynamikalouny.cz\/cs\/index.php\/wp-json\/wp\/v2\/types\/page"}],"author":[{"embeddable":true,"href":"https:\/\/www.biodynamikalouny.cz\/cs\/index.php\/wp-json\/wp\/v2\/users\/1"}],"replies":[{"embeddable":true,"href":"https:\/\/www.biodynamikalouny.cz\/cs\/index.php\/wp-json\/wp\/v2\/comments?post=44"}],"version-history":[{"count":6,"href":"https:\/\/www.biodynamikalouny.cz\/cs\/index.php\/wp-json\/wp\/v2\/pages\/44\/revisions"}],"predecessor-version":[{"id":849,"href":"https:\/\/www.biodynamikalouny.cz\/cs\/index.php\/wp-json\/wp\/v2\/pages\/44\/revisions\/849"}],"wp:attachment":[{"href":"https:\/\/www.biodynamikalouny.cz\/cs\/index.php\/wp-json\/wp\/v2\/media?parent=44"}],"curies":[{"name":"wp","href":"https:\/\/api.w.org\/{rel}","templated":true}]}}