{"id":408,"date":"2024-10-20T13:54:56","date_gmt":"2024-10-20T11:54:56","guid":{"rendered":"https:\/\/www.biodynamikalouny.cz\/cs\/?page_id=408"},"modified":"2025-09-07T16:16:31","modified_gmt":"2025-09-07T14:16:31","slug":"o-mne","status":"publish","type":"page","link":"https:\/\/www.biodynamikalouny.cz\/cs\/index.php\/o-mne\/","title":{"rendered":"O mn\u011b"},"content":{"rendered":"\n<p class=\"has-text-align-center has-black-color has-text-color has-link-color has-large-font-size wp-elements-e71a3535c8d8f33727b5f1690b2aacaf\"><strong>V\u00edtejte<\/strong><\/p>\n\n\n\n<div style=\"height:48px\" aria-hidden=\"true\" class=\"wp-block-spacer\"><\/div>\n\n\n\n<p class=\"has-black-color has-text-color has-link-color wp-elements-af55726b471a4e813ee96051dc08da27\">Na cestu celostn\u00ed p\u00e9\u010de m\u011b p\u0159ivedl siln\u00fd impuls p\u0159eru\u0161it nit dn\u00ed, kdy v\u011bt\u0161ina ud\u00e1lost\u00ed, my\u0161lenek a emoc\u00ed byla stejn\u00e1 jako dny p\u0159edchoz\u00ed a vytvo\u0159it prostor sv\u00e9mu t\u011blu, k nalezen\u00ed vnit\u0159n\u00edho souladu a celistvosti. Dovolil jsem si vystoupit z\u202fkruhu syst\u00e9mu, kter\u00fd n\u00e1m \u0159\u00edk\u00e1, co je pro n\u00e1s \u201enejlep\u0161\u00ed\u201c a co bychom m\u011bli d\u011blat a poslechnout \u201ePOCIT\u201c vedouc\u00ed k nov\u00e9 cest\u011b, ve kter\u00e9 jsem na\u0161el smysl, pokoru a vd\u011b\u010dnost.<\/p>\n\n\n\n<p class=\"has-black-color has-text-color has-link-color wp-elements-81fc00478c0b3d0f894d808fb725eab7\">V\u0161e za\u010dalo p\u0159ed v\u00edce ne\u017e <strong>10ti lety studiem<\/strong>, cvi\u010den\u00edm <strong>\u010dchi gongu<\/strong> a <strong>taiji<\/strong> za podpory \u0161kol <a href=\"https:\/\/www.taiji-quan.cz\/\">\u010cesk\u00e9 asociace taijiquan<\/a>, <a href=\"https:\/\/thetaijischool.com\/\">The Taiji School<\/a> \u2013 International Centre of Taiji Principles Prague a vnit\u0159n\u00edmu rozvoji ve \u0161kole <a href=\"https:\/\/lotusneigongprague.com\/\">Lotus Neigong Prague<\/a>. Zde jsem tak\u00e9 objevil \u00fa\u017easnou s\u00edlu meditac\u00ed, dechov\u00fdch cvi\u010den\u00ed a u\u010dil se mnoho dal\u0161\u00edch technik. Tato studia jsem pozd\u011bji doplnil o akreditovan\u00fd lektorsk\u00fd v\u00fdcvik v\u00fdchodn\u00edch nauk v <a href=\"https:\/\/ts108.cz\/\">tren\u00e9rsk\u00e9 \u0161kole 108<\/a> ve spolupr\u00e1ci s FTVS UK v Praze.<\/p>\n\n\n\n<p class=\"has-black-color has-text-color has-link-color wp-elements-db71f05998518ae0f377a89907906881\">Praxe a kultivace vnit\u0159n\u00ed energie, m\u011b p\u0159ivedla k doteku kraniosakr\u00e1ln\u00ed biodynamiky, kter\u00fd jsem poprv\u00e9 pro\u017eil p\u0159ed n\u011bkolika lety a kter\u00fd znamenal velk\u00fd posun ve vn\u00edm\u00e1n\u00ed sebe sama a tak\u00e9 mi byl kotvou k p\u0159\u00edtomnosti. Po praktick\u00e9mu studiu doteku ticha a klidu u Martiny Kroupov\u00e9 v\u202f<a href=\"https:\/\/r3m3dium.cz\/\">Remediu Litv\u00ednov<\/a>, jsem d\u00e1le rozv\u00edjel sv\u00e9 schopnosti, na kter\u00e9 jsem nav\u00e1zal pokra\u010duj\u00edc\u00edm studiem <a href=\"https:\/\/www.osteopatie.cz\/osteopatie_jana_holubova.html\">Osteopatie u Mudr. Jany Holubov\u00e9<\/a> v\u202fPraze a semin\u00e1\u0159i po veden\u00edm jej\u00edho u\u010ditele, francouzsk\u00e9ho osteopata a naturopata Erica Le Neuder.<\/p>\n\n\n\n<p class=\"has-black-color has-text-color has-link-color wp-elements-fb68e7a304344439aa9f570e398862f6\">Ve sv\u00e9 terapeutick\u00e9 praxi vyu\u017e\u00edv\u00e1m l\u00e9ty postupn\u011b nab\u00fdvan\u00e9, a hlavn\u011b pro\u017eit\u00e9 principy <strong>\u00e1jurv\u00e9dy (mysl, strava, podpora)<\/strong> a <strong>tradi\u010dn\u00ed \u010d\u00ednsk\u00e9 medic\u00edny. <\/strong>Neust\u00e1le se vzd\u011bl\u00e1v\u00e1m (<a href=\"https:\/\/www.mindset.cz\/\">MindsetAcademy<\/a>, <a href=\"https:\/\/skolakamate.cz\/\">KAMAT\u00c9<\/a>, Biorezonance a dal\u0161\u00ed\u2026), studuji a hled\u00e1m nov\u00e9 mo\u017enosti, jak efektivn\u011b pracovat s na\u0161\u00ed energi\u00ed\u202fa mysl\u00ed, abychom mohli naplno pro\u017e\u00edvat p\u0159\u00edtomn\u00fd okam\u017eik a rozv\u00edjet sv\u016fj potenci\u00e1l.<\/p>\n\n\n\n<p class=\"has-black-color has-text-color has-link-color wp-elements-376c47423051bb0efb48450897a258eb\">D\u00e1le nab\u00edz\u00edm o\u0161et\u0159en\u00ed s vyu\u017eit\u00edm neinvazivn\u00ed metody biorezonance pomoc\u00ed frekven\u010dn\u00edho p\u0159\u00edstroje <a href=\"https:\/\/www.bicom-optima.cz\/\">BICOM<\/a>, kter\u00fd skv\u011ble pom\u00e1h\u00e1 \u0159e\u0161it energetick\u00e9 blok\u00e1dy v energetick\u00fdch drah\u00e1ch (meridi\u00e1nech), alergie, bolesti, z\u00e1vislosti \u010di chronick\u00e9 probl\u00e9my na \u00farovni mysli \u010di t\u011bla.<\/p>\n\n\n\n<p class=\"has-black-color has-text-color has-link-color wp-elements-d097bec124f0e2007c53c7c66a3b432e\">Pokud hled\u00e1te impuls k nov\u00e9 \u017eivotn\u00ed cest\u011b, tr\u00e1p\u00ed V\u00e1s chronick\u00fd probl\u00e9m, chcete pomoci s\u202fvlastn\u00edm rozvojem, \u010di \u201ejen\u201c na\u010derpat s\u00edlu a zastavit nekone\u010dn\u00fd tok my\u0161lenek, zm\u00edrnit stres\u2026<\/p>\n\n\n\n<p class=\"has-black-color has-text-color has-link-color wp-elements-95201b755bc2c430a9295bc165821075\">\u2026<strong>v\u011bnujte p\u00e9\u010di sv\u00e9mu t\u011blu a mysli<\/strong> a objednejte se je\u0161t\u011b dnes \ud83d\ude0a&nbsp;<\/p>\n\n\n\n<p class=\"has-black-color has-text-color has-link-color wp-elements-6847c55e06b065511a0bcd5a17940ab1\">T\u011b\u0161\u00edm se na V\u00e1s&nbsp;&nbsp;<\/p>\n\n\n<p class=\"fonts-plugin-block \" style=\"font-family: Pacifico;font-weight: 400;font-size: 28px;color: #000000\">Tom\u00e1\u0161\u00a0\u00a0<\/p>\n\n\n<p class=\"has-black-color has-text-color has-link-color wp-elements-9ac00cf961d1ea846fe5a532228b76c6\"><\/p>\n\n\n\n<figure class=\"wp-block-image size-large is-resized\"><img loading=\"lazy\" decoding=\"async\" width=\"1024\" height=\"768\" src=\"https:\/\/www.biodynamikalouny.cz\/cs\/wp-content\/uploads\/2024\/10\/0490A154-3642-4832-9B32-C4A3C54CBB4D-1024x768.jpeg\" alt=\"\" class=\"wp-image-451\" style=\"width:477px;height:auto\" srcset=\"https:\/\/www.biodynamikalouny.cz\/cs\/wp-content\/uploads\/2024\/10\/0490A154-3642-4832-9B32-C4A3C54CBB4D-1024x768.jpeg 1024w, https:\/\/www.biodynamikalouny.cz\/cs\/wp-content\/uploads\/2024\/10\/0490A154-3642-4832-9B32-C4A3C54CBB4D-300x225.jpeg 300w, https:\/\/www.biodynamikalouny.cz\/cs\/wp-content\/uploads\/2024\/10\/0490A154-3642-4832-9B32-C4A3C54CBB4D-768x576.jpeg 768w, https:\/\/www.biodynamikalouny.cz\/cs\/wp-content\/uploads\/2024\/10\/0490A154-3642-4832-9B32-C4A3C54CBB4D-1536x1152.jpeg 1536w, https:\/\/www.biodynamikalouny.cz\/cs\/wp-content\/uploads\/2024\/10\/0490A154-3642-4832-9B32-C4A3C54CBB4D-2048x1536.jpeg 2048w\" sizes=\"auto, (max-width: 1024px) 100vw, 1024px\" \/><\/figure>\n\n\n\n<div style=\"height:20px\" aria-hidden=\"true\" class=\"wp-block-spacer\"><\/div>\n\n\n\n<p class=\"has-black-color has-text-color has-link-color has-medium-font-size wp-elements-db476a04ed2d616a5ce0b1bb848f2d7a\">Facebook: <a href=\"https:\/\/www.facebook.com\/profile.php?id=61567849383889\"><mark style=\"background-color:rgba(0, 0, 0, 0)\" class=\"has-inline-color has-vivid-red-color\">Biodynamika Louny<\/mark><\/a><\/p>\n\n\n\n<p><\/p>\n","protected":false},"excerpt":{"rendered":"<p>V\u00edtejte Na cestu celostn\u00ed p\u00e9\u010de m\u011b p\u0159ivedl siln\u00fd impuls p\u0159eru\u0161it nit dn\u00ed, kdy v\u011bt\u0161ina ud\u00e1lost\u00ed, my\u0161lenek a emoc\u00ed byla stejn\u00e1 jako dny p\u0159edchoz\u00ed a vytvo\u0159it prostor sv\u00e9mu t\u011blu, k nalezen\u00ed vnit\u0159n\u00edho souladu a celistvosti. Dovolil jsem si vystoupit z\u202fkruhu syst\u00e9mu, kter\u00fd n\u00e1m \u0159\u00edk\u00e1, co je pro n\u00e1s \u201enejlep\u0161\u00ed\u201c a co bychom m\u011bli d\u011blat a poslechnout [&hellip;]<\/p>\n","protected":false},"author":1,"featured_media":0,"parent":0,"menu_order":0,"comment_status":"closed","ping_status":"closed","template":"","meta":{"footnotes":""},"class_list":["post-408","page","type-page","status-publish","hentry"],"yoast_head":"<!-- This site is optimized with the Yoast SEO plugin v27.4 - https:\/\/yoast.com\/product\/yoast-seo-wordpress\/ -->\n<title>O mn\u011b - Biodynamika Louny<\/title>\n<meta name=\"robots\" content=\"index, follow, max-snippet:-1, max-image-preview:large, max-video-preview:-1\" \/>\n<link rel=\"canonical\" href=\"https:\/\/www.biodynamikalouny.cz\/cs\/index.php\/o-mne\/\" \/>\n<meta property=\"og:locale\" content=\"cs_CZ\" \/>\n<meta property=\"og:type\" content=\"article\" \/>\n<meta property=\"og:title\" content=\"O mn\u011b - Biodynamika Louny\" \/>\n<meta property=\"og:description\" content=\"V\u00edtejte Na cestu celostn\u00ed p\u00e9\u010de m\u011b p\u0159ivedl siln\u00fd impuls p\u0159eru\u0161it nit dn\u00ed, kdy v\u011bt\u0161ina ud\u00e1lost\u00ed, my\u0161lenek a emoc\u00ed byla stejn\u00e1 jako dny p\u0159edchoz\u00ed a vytvo\u0159it prostor sv\u00e9mu t\u011blu, k nalezen\u00ed vnit\u0159n\u00edho souladu a celistvosti. Dovolil jsem si vystoupit z\u202fkruhu syst\u00e9mu, kter\u00fd n\u00e1m \u0159\u00edk\u00e1, co je pro n\u00e1s \u201enejlep\u0161\u00ed\u201c a co bychom m\u011bli d\u011blat a poslechnout [&hellip;]\" \/>\n<meta property=\"og:url\" content=\"https:\/\/www.biodynamikalouny.cz\/cs\/index.php\/o-mne\/\" \/>\n<meta property=\"og:site_name\" content=\"Biodynamika Louny\" \/>\n<meta property=\"article:modified_time\" content=\"2025-09-07T14:16:31+00:00\" \/>\n<meta property=\"og:image\" content=\"https:\/\/www.biodynamikalouny.cz\/cs\/wp-content\/uploads\/2024\/10\/0490A154-3642-4832-9B32-C4A3C54CBB4D-scaled.jpeg\" \/>\n\t<meta property=\"og:image:width\" content=\"2560\" \/>\n\t<meta property=\"og:image:height\" content=\"1920\" \/>\n\t<meta property=\"og:image:type\" content=\"image\/jpeg\" \/>\n<meta name=\"twitter:card\" content=\"summary_large_image\" \/>\n<meta name=\"twitter:label1\" content=\"Odhadovan\u00e1 doba \u010dten\u00ed\" \/>\n\t<meta name=\"twitter:data1\" content=\"3 minuty\" \/>\n<script type=\"application\/ld+json\" class=\"yoast-schema-graph\">{\"@context\":\"https:\\\/\\\/schema.org\",\"@graph\":[{\"@type\":\"WebPage\",\"@id\":\"https:\\\/\\\/www.biodynamikalouny.cz\\\/cs\\\/index.php\\\/o-mne\\\/\",\"url\":\"https:\\\/\\\/www.biodynamikalouny.cz\\\/cs\\\/index.php\\\/o-mne\\\/\",\"name\":\"O mn\u011b - Biodynamika Louny\",\"isPartOf\":{\"@id\":\"https:\\\/\\\/www.biodynamikalouny.cz\\\/cs\\\/#website\"},\"primaryImageOfPage\":{\"@id\":\"https:\\\/\\\/www.biodynamikalouny.cz\\\/cs\\\/index.php\\\/o-mne\\\/#primaryimage\"},\"image\":{\"@id\":\"https:\\\/\\\/www.biodynamikalouny.cz\\\/cs\\\/index.php\\\/o-mne\\\/#primaryimage\"},\"thumbnailUrl\":\"https:\\\/\\\/www.biodynamikalouny.cz\\\/cs\\\/wp-content\\\/uploads\\\/2024\\\/10\\\/0490A154-3642-4832-9B32-C4A3C54CBB4D-1024x768.jpeg\",\"datePublished\":\"2024-10-20T11:54:56+00:00\",\"dateModified\":\"2025-09-07T14:16:31+00:00\",\"breadcrumb\":{\"@id\":\"https:\\\/\\\/www.biodynamikalouny.cz\\\/cs\\\/index.php\\\/o-mne\\\/#breadcrumb\"},\"inLanguage\":\"cs\",\"potentialAction\":[{\"@type\":\"ReadAction\",\"target\":[\"https:\\\/\\\/www.biodynamikalouny.cz\\\/cs\\\/index.php\\\/o-mne\\\/\"]}]},{\"@type\":\"ImageObject\",\"inLanguage\":\"cs\",\"@id\":\"https:\\\/\\\/www.biodynamikalouny.cz\\\/cs\\\/index.php\\\/o-mne\\\/#primaryimage\",\"url\":\"https:\\\/\\\/www.biodynamikalouny.cz\\\/cs\\\/wp-content\\\/uploads\\\/2024\\\/10\\\/0490A154-3642-4832-9B32-C4A3C54CBB4D-scaled.jpeg\",\"contentUrl\":\"https:\\\/\\\/www.biodynamikalouny.cz\\\/cs\\\/wp-content\\\/uploads\\\/2024\\\/10\\\/0490A154-3642-4832-9B32-C4A3C54CBB4D-scaled.jpeg\",\"width\":2560,\"height\":1920},{\"@type\":\"BreadcrumbList\",\"@id\":\"https:\\\/\\\/www.biodynamikalouny.cz\\\/cs\\\/index.php\\\/o-mne\\\/#breadcrumb\",\"itemListElement\":[{\"@type\":\"ListItem\",\"position\":1,\"name\":\"Home\",\"item\":\"https:\\\/\\\/www.biodynamikalouny.cz\\\/cs\\\/\"},{\"@type\":\"ListItem\",\"position\":2,\"name\":\"O mn\u011b\"}]},{\"@type\":\"WebSite\",\"@id\":\"https:\\\/\\\/www.biodynamikalouny.cz\\\/cs\\\/#website\",\"url\":\"https:\\\/\\\/www.biodynamikalouny.cz\\\/cs\\\/\",\"name\":\"Biodynamika Louny\",\"description\":\"Biodynamika Louny\",\"potentialAction\":[{\"@type\":\"SearchAction\",\"target\":{\"@type\":\"EntryPoint\",\"urlTemplate\":\"https:\\\/\\\/www.biodynamikalouny.cz\\\/cs\\\/?s={search_term_string}\"},\"query-input\":{\"@type\":\"PropertyValueSpecification\",\"valueRequired\":true,\"valueName\":\"search_term_string\"}}],\"inLanguage\":\"cs\"}]}<\/script>\n<!-- \/ Yoast SEO plugin. -->","yoast_head_json":{"title":"O mn\u011b - Biodynamika Louny","robots":{"index":"index","follow":"follow","max-snippet":"max-snippet:-1","max-image-preview":"max-image-preview:large","max-video-preview":"max-video-preview:-1"},"canonical":"https:\/\/www.biodynamikalouny.cz\/cs\/index.php\/o-mne\/","og_locale":"cs_CZ","og_type":"article","og_title":"O mn\u011b - Biodynamika Louny","og_description":"V\u00edtejte Na cestu celostn\u00ed p\u00e9\u010de m\u011b p\u0159ivedl siln\u00fd impuls p\u0159eru\u0161it nit dn\u00ed, kdy v\u011bt\u0161ina ud\u00e1lost\u00ed, my\u0161lenek a emoc\u00ed byla stejn\u00e1 jako dny p\u0159edchoz\u00ed a vytvo\u0159it prostor sv\u00e9mu t\u011blu, k nalezen\u00ed vnit\u0159n\u00edho souladu a celistvosti. Dovolil jsem si vystoupit z\u202fkruhu syst\u00e9mu, kter\u00fd n\u00e1m \u0159\u00edk\u00e1, co je pro n\u00e1s \u201enejlep\u0161\u00ed\u201c a co bychom m\u011bli d\u011blat a poslechnout [&hellip;]","og_url":"https:\/\/www.biodynamikalouny.cz\/cs\/index.php\/o-mne\/","og_site_name":"Biodynamika Louny","article_modified_time":"2025-09-07T14:16:31+00:00","og_image":[{"width":2560,"height":1920,"url":"https:\/\/www.biodynamikalouny.cz\/cs\/wp-content\/uploads\/2024\/10\/0490A154-3642-4832-9B32-C4A3C54CBB4D-scaled.jpeg","type":"image\/jpeg"}],"twitter_card":"summary_large_image","twitter_misc":{"Odhadovan\u00e1 doba \u010dten\u00ed":"3 minuty"},"schema":{"@context":"https:\/\/schema.org","@graph":[{"@type":"WebPage","@id":"https:\/\/www.biodynamikalouny.cz\/cs\/index.php\/o-mne\/","url":"https:\/\/www.biodynamikalouny.cz\/cs\/index.php\/o-mne\/","name":"O mn\u011b - Biodynamika Louny","isPartOf":{"@id":"https:\/\/www.biodynamikalouny.cz\/cs\/#website"},"primaryImageOfPage":{"@id":"https:\/\/www.biodynamikalouny.cz\/cs\/index.php\/o-mne\/#primaryimage"},"image":{"@id":"https:\/\/www.biodynamikalouny.cz\/cs\/index.php\/o-mne\/#primaryimage"},"thumbnailUrl":"https:\/\/www.biodynamikalouny.cz\/cs\/wp-content\/uploads\/2024\/10\/0490A154-3642-4832-9B32-C4A3C54CBB4D-1024x768.jpeg","datePublished":"2024-10-20T11:54:56+00:00","dateModified":"2025-09-07T14:16:31+00:00","breadcrumb":{"@id":"https:\/\/www.biodynamikalouny.cz\/cs\/index.php\/o-mne\/#breadcrumb"},"inLanguage":"cs","potentialAction":[{"@type":"ReadAction","target":["https:\/\/www.biodynamikalouny.cz\/cs\/index.php\/o-mne\/"]}]},{"@type":"ImageObject","inLanguage":"cs","@id":"https:\/\/www.biodynamikalouny.cz\/cs\/index.php\/o-mne\/#primaryimage","url":"https:\/\/www.biodynamikalouny.cz\/cs\/wp-content\/uploads\/2024\/10\/0490A154-3642-4832-9B32-C4A3C54CBB4D-scaled.jpeg","contentUrl":"https:\/\/www.biodynamikalouny.cz\/cs\/wp-content\/uploads\/2024\/10\/0490A154-3642-4832-9B32-C4A3C54CBB4D-scaled.jpeg","width":2560,"height":1920},{"@type":"BreadcrumbList","@id":"https:\/\/www.biodynamikalouny.cz\/cs\/index.php\/o-mne\/#breadcrumb","itemListElement":[{"@type":"ListItem","position":1,"name":"Home","item":"https:\/\/www.biodynamikalouny.cz\/cs\/"},{"@type":"ListItem","position":2,"name":"O mn\u011b"}]},{"@type":"WebSite","@id":"https:\/\/www.biodynamikalouny.cz\/cs\/#website","url":"https:\/\/www.biodynamikalouny.cz\/cs\/","name":"Biodynamika Louny","description":"Biodynamika Louny","potentialAction":[{"@type":"SearchAction","target":{"@type":"EntryPoint","urlTemplate":"https:\/\/www.biodynamikalouny.cz\/cs\/?s={search_term_string}"},"query-input":{"@type":"PropertyValueSpecification","valueRequired":true,"valueName":"search_term_string"}}],"inLanguage":"cs"}]}},"_links":{"self":[{"href":"https:\/\/www.biodynamikalouny.cz\/cs\/index.php\/wp-json\/wp\/v2\/pages\/408","targetHints":{"allow":["GET"]}}],"collection":[{"href":"https:\/\/www.biodynamikalouny.cz\/cs\/index.php\/wp-json\/wp\/v2\/pages"}],"about":[{"href":"https:\/\/www.biodynamikalouny.cz\/cs\/index.php\/wp-json\/wp\/v2\/types\/page"}],"author":[{"embeddable":true,"href":"https:\/\/www.biodynamikalouny.cz\/cs\/index.php\/wp-json\/wp\/v2\/users\/1"}],"replies":[{"embeddable":true,"href":"https:\/\/www.biodynamikalouny.cz\/cs\/index.php\/wp-json\/wp\/v2\/comments?post=408"}],"version-history":[{"count":5,"href":"https:\/\/www.biodynamikalouny.cz\/cs\/index.php\/wp-json\/wp\/v2\/pages\/408\/revisions"}],"predecessor-version":[{"id":971,"href":"https:\/\/www.biodynamikalouny.cz\/cs\/index.php\/wp-json\/wp\/v2\/pages\/408\/revisions\/971"}],"wp:attachment":[{"href":"https:\/\/www.biodynamikalouny.cz\/cs\/index.php\/wp-json\/wp\/v2\/media?parent=408"}],"curies":[{"name":"wp","href":"https:\/\/api.w.org\/{rel}","templated":true}]}}