{"id":398,"date":"2024-10-20T13:41:41","date_gmt":"2024-10-20T11:41:41","guid":{"rendered":"https:\/\/www.biodynamikalouny.cz\/cs\/?page_id=398"},"modified":"2024-10-20T13:52:40","modified_gmt":"2024-10-20T11:52:40","slug":"gdpr","status":"publish","type":"page","link":"https:\/\/www.biodynamikalouny.cz\/cs\/index.php\/gdpr\/","title":{"rendered":"GDPR"},"content":{"rendered":"\n<p class=\"has-black-color has-text-color has-link-color wp-elements-2e4cbcf676f6524a63882ee3a1ec0713\"><strong>Z\u00e1sady zpracov\u00e1n\u00ed osobn\u00edch \u00fadaj\u016f<\/strong>&nbsp;<\/p>\n\n\n\n<p class=\"has-black-color has-text-color has-link-color wp-elements-aee01e78b95b9414b92321d0a7c43d7b\">1. Z\u00e1kladn\u00ed ustanoven\u00ed&nbsp;<\/p>\n\n\n\n<ul class=\"wp-block-list has-black-color has-text-color has-link-color wp-elements-d010534d65d587ab5cc881c6ddb921df\">\n<li>I. Spr\u00e1vcem osobn\u00edch \u00fadaj\u016f podle \u010dl. 4 bod 7 na\u0159\u00edzen\u00ed Evropsk\u00e9ho parlamentu a Rady (EU) 2016\/679 o ochran\u011b fyzick\u00fdch osob v souvislosti se zpracov\u00e1n\u00edm osobn\u00edch \u00fadaj\u016f a o voln\u00e9m pohybu t\u011bchto \u00fadaj\u016f (d\u00e1le jen: &#8222;<strong>GDPR<\/strong>&#8222;) je\u202fIng. Tom\u00e1\u0161 Buchl\u202fse s\u00eddlem Dykova 322, 44001 Louny\u202f(d\u00e1le jen: &#8222;<strong>spr\u00e1vce<\/strong>&#8222;).\u00a0<\/li>\n<\/ul>\n\n\n\n<ul class=\"wp-block-list has-black-color has-text-color has-link-color wp-elements-681ad4b1632afccfc0ad1d9b2d42b6dd\">\n<li>II. Kontaktn\u00ed \u00fadaje spr\u00e1vce jsou\u00a0<\/li>\n<\/ul>\n\n\n\n<ul class=\"wp-block-list has-black-color has-text-color has-link-color wp-elements-566335e20771988482a877bda8ffa238\">\n<li>I\u010cO: 22162950\u00a0<\/li>\n<\/ul>\n\n\n\n<ul class=\"wp-block-list has-black-color has-text-color has-link-color wp-elements-6a38c214324f9311cb139404b5c65ca7\">\n<li>telefon:\u202f775\u202f565 579\u00a0<\/li>\n<\/ul>\n\n\n\n<ul class=\"wp-block-list has-black-color has-text-color has-link-color wp-elements-157a792f41d59b82488e991eecc2d0e9\">\n<li>III. Osobn\u00edm \u00fadajem se ve smyslu na\u0159\u00edzen\u00ed Evropsk\u00e9ho parlamentu a Rady (EU) 2016\/6792016\/679 o ochran\u011b fyzick\u00fdch osob v souvislosti se zpracov\u00e1n\u00edm osobn\u00edch \u00fadaj\u016f a o voln\u00e9m pohybu t\u011bchto \u00fadaj\u016f a o zru\u0161en\u00ed sm\u011brnice 95\/46\/ES (d\u00e1le jen &#8222;GDPR&#8220;) rozum\u00ed ve\u0161ker\u00e9 informace o identifikovan\u00e9 nebo identifikovateln\u00e9 fyzick\u00e9 osob\u011b\u00a0<\/li>\n<\/ul>\n\n\n\n<p class=\"has-black-color has-text-color has-link-color wp-elements-f9722a7fd7a1245093f512b670e9ad54\">2. Zdroje a \u00fa\u010del zpracov\u00e1n\u00ed osobn\u00edch \u00fadaj\u016f&nbsp;<\/p>\n\n\n\n<ul class=\"wp-block-list has-black-color has-text-color has-link-color wp-elements-5fe1b409a5ea3ce053af032282806404\">\n<li>I. Spr\u00e1vce zpracov\u00e1v\u00e1 osobn\u00ed \u00fadaje, kter\u00e9 jste mu poskytl\/a nebo osobn\u00ed \u00fadaje, kter\u00e9 spr\u00e1vce z\u00edskal na z\u00e1klad\u011b pln\u011bn\u00ed Va\u0161\u00ed objedn\u00e1vky slu\u017eeb.\u00a0<\/li>\n<\/ul>\n\n\n\n<ul class=\"wp-block-list has-black-color has-text-color has-link-color wp-elements-5c8d7fd1c6703ded961505bf885ffbbe\">\n<li>II. Spr\u00e1vce zpracov\u00e1v\u00e1 Va\u0161e identifika\u010dn\u00ed a kontaktn\u00ed \u00fadaje a \u00fadaje nezbytn\u00e9 pro pln\u011bn\u00ed slu\u017eby.\u00a0<\/li>\n<\/ul>\n\n\n\n<ul class=\"wp-block-list has-black-color has-text-color has-link-color wp-elements-e96f7d61ed463530c0ce9023e35183ee\">\n<li>III. Spr\u00e1vce zpracov\u00e1v\u00e1 osobn\u00ed \u00fadaje na z\u00e1klad\u011b z\u00e1konn\u00e9ho d\u016fvodu, \u010di opr\u00e1vn\u011bn\u00e9ho z\u00e1jmu, jeho\u017e c\u00edlem je pln\u011bn\u00ed smlouvy.\u00a0<\/li>\n<\/ul>\n\n\n\n<ul class=\"wp-block-list has-black-color has-text-color has-link-color wp-elements-fc98d1cf68e07eca963a0ad706d035da\">\n<li>IV. Z\u00e1konn\u00fdm d\u016fvodem zpracov\u00e1n\u00ed osobn\u00edch \u00fadaj\u016f je\u00a0<\/li>\n<\/ul>\n\n\n\n<ul class=\"wp-block-list has-black-color has-text-color has-link-color wp-elements-111b0de3f26268f254ff6c4803f9ecb6\">\n<li>\u2022 pln\u011bn\u00ed smlouvy mezi V\u00e1mi a spr\u00e1vcem podle \u010dl. 6 odst. 1 p\u00edsm. b) GDPR,\u00a0<\/li>\n<\/ul>\n\n\n\n<p class=\"has-black-color has-text-color has-link-color wp-elements-b42858f62029b0641b5b3f99a3f7fff9\">V. \u00da\u010delem zpracov\u00e1n\u00ed osobn\u00edch \u00fadaj\u016f je&nbsp;<\/p>\n\n\n\n<ul class=\"wp-block-list has-black-color has-text-color has-link-color wp-elements-415aa113b72f3395814e33a6634fe563\">\n<li>\u2022 vy\u0159\u00edzen\u00ed Va\u0161\u00ed objedn\u00e1vky a v\u00fdkon pr\u00e1v a povinnost\u00ed vypl\u00fdvaj\u00edc\u00edch ze smluvn\u00edho vztahu mezi V\u00e1mi a spr\u00e1vcem; p\u0159i objedn\u00e1vce jsou vy\u017eadov\u00e1ny osobn\u00ed \u00fadaje, kter\u00e9 jsou nutn\u00e9 pro \u00fasp\u011b\u0161n\u00e9 vy\u0159\u00edzen\u00ed objedn\u00e1vky (jm\u00e9no a adresa, kontakt, \u010d. bankovn\u00edho \u00fa\u010dtu), poskytnut\u00ed osobn\u00edch \u00fadaj\u016f je nutn\u00fdm po\u017eadavkem pro uzav\u0159en\u00ed a pln\u011bn\u00ed smlouvy, bez poskytnut\u00ed osobn\u00edch \u00fadaj\u016f nen\u00ed mo\u017en\u00e9 smlouvu uzav\u0159\u00edt \u010di j\u00ed ze strany spr\u00e1vce plnit,\u00a0<\/li>\n<\/ul>\n\n\n\n<p class=\"has-black-color has-text-color has-link-color wp-elements-901e25d2ae733546b8360d362717e025\">3. Doba uchov\u00e1v\u00e1n\u00ed \u00fadaj\u016f&nbsp;<\/p>\n\n\n\n<ul class=\"wp-block-list has-black-color has-text-color has-link-color wp-elements-482dcabf326016284525c9ef67d0abb8\">\n<li>I. Spr\u00e1vce uchov\u00e1v\u00e1 osobn\u00ed \u00fadaje pouze v\u202fp\u00edsemn\u00e9 podob\u011b po dobu trv\u00e1n\u00ed poskytov\u00e1n\u00ed slu\u017eby, nejd\u00e9le v\u0161ak po dobu 5let.\u00a0<\/li>\n<\/ul>\n\n\n\n<p class=\"has-black-color has-text-color has-link-color wp-elements-89f95ebab8e56e6d8192da879ea67518\">4.P\u0159\u00edjemci osobn\u00edch \u00fadaj\u016f (subdodavatel\u00e9 spr\u00e1vce)&nbsp;<\/p>\n\n\n\n<ul class=\"wp-block-list has-black-color has-text-color has-link-color wp-elements-bd9f9aae0af2681b9367d45e4cbc09db\">\n<li>I. P\u0159\u00edjemci osobn\u00edch \u00fadaj\u016f jsou osoby:\u202f\u00a0<\/li>\n<\/ul>\n\n\n\n<ul class=\"wp-block-list has-black-color has-text-color has-link-color wp-elements-d242817ad20a72f0fdfb4307ae086623\">\n<li>\u2022 pod\u00edlej\u00edc\u00ed se na dod\u00e1n\u00ed slu\u017eeb \/ realizaci plateb na z\u00e1klad\u011b smlouvy\u00a0<\/li>\n<\/ul>\n\n\n\n<p class=\"has-black-color has-text-color has-link-color wp-elements-90141e6d65160477e778e95e14e55c64\">5.Va\u0161e pr\u00e1va&nbsp;<\/p>\n\n\n\n<ul class=\"wp-block-list has-black-color has-text-color has-link-color wp-elements-32b6becbc1e806624e839d4819f88a75\">\n<li>I. Za podm\u00ednek stanoven\u00fdch v GDPR m\u00e1te\u00a0<\/li>\n<\/ul>\n\n\n\n<ul class=\"wp-block-list has-black-color has-text-color has-link-color wp-elements-71874b422875675f222a21751b0b3b92\">\n<li>\u2022 pr\u00e1vo na p\u0159\u00edstup ke sv\u00fdm osobn\u00edm \u00fadaj\u016fm dle \u010dl. 15 GDPR,\u00a0<\/li>\n<\/ul>\n\n\n\n<ul class=\"wp-block-list has-black-color has-text-color has-link-color wp-elements-f0576dec9bd7fffaca8d905f43ef13cf\">\n<li>\u2022 pr\u00e1vo na opravu osobn\u00edch \u00fadaj\u016f dle \u010dl. 16 GDPR, pop\u0159\u00edpad\u011b omezen\u00ed zpracov\u00e1n\u00ed dle \u010dl. 18 GDPR.\u00a0<\/li>\n<\/ul>\n\n\n\n<ul class=\"wp-block-list has-black-color has-text-color has-link-color wp-elements-e09b2e4e7ed74590335ec6799ce6fb89\">\n<li>\u2022 pr\u00e1vo na v\u00fdmaz osobn\u00edch \u00fadaj\u016f dle \u010dl. 17 GDPR.\u00a0<\/li>\n<\/ul>\n\n\n\n<ul class=\"wp-block-list has-black-color has-text-color has-link-color wp-elements-12832d4b7c45d2bdebb9dfe89d8b08bd\">\n<li>\u2022 pr\u00e1vo vzn\u00e9st n\u00e1mitku proti zpracov\u00e1n\u00ed dle \u010dl. 21 GDPR a\u00a0<\/li>\n<\/ul>\n\n\n\n<ul class=\"wp-block-list has-black-color has-text-color has-link-color wp-elements-e6c2433491ff146c14be8f09670157e7\">\n<li>\u2022 pr\u00e1vo na p\u0159enositelnost \u00fadaj\u016f dle \u010dl. 20 GDPR.\u00a0<\/li>\n<\/ul>\n\n\n\n<ul class=\"wp-block-list has-black-color has-text-color has-link-color wp-elements-6d8a89e3253b18c9ba0f16794601a764\">\n<li>\u2022 pr\u00e1vo odvolat souhlas se zpracov\u00e1n\u00edm p\u00edsemn\u011b nebo elektronicky na adresu nebo email spr\u00e1vce uveden\u00fd v \u010dl. III t\u011bchto podm\u00ednek.\u00a0<br>\u00a0<\/li>\n<\/ul>\n\n\n\n<ul class=\"wp-block-list has-black-color has-text-color has-link-color wp-elements-42edcda82eeb03a47cc8295860943d63\">\n<li>II. D\u00e1le m\u00e1te pr\u00e1vo podat st\u00ed\u017enost u \u00da\u0159adu pro ochranu osobn\u00edch \u00fadaj\u016f v p\u0159\u00edpad\u011b, \u017ee se domn\u00edv\u00e1te, \u017ee bylo poru\u0161eno Va\u0161\u00ed pr\u00e1vo na ochranu osobn\u00edch \u00fadaj\u016f.\u00a0<\/li>\n<\/ul>\n\n\n\n<p class=\"has-black-color has-text-color has-link-color wp-elements-4e6b42ca7327457e1880fbadf9ea69db\">6.Podm\u00ednky zabezpe\u010den\u00ed osobn\u00edch \u00fadaj\u016f&nbsp;<\/p>\n\n\n\n<ul class=\"wp-block-list has-black-color has-text-color has-link-color wp-elements-76046cfbc9447a69b698b0fcb0cfafb0\">\n<li>I. Spr\u00e1vce prohla\u0161uje, \u017ee p\u0159ijal ve\u0161ker\u00e1 vhodn\u00e1 technick\u00e1 a organiza\u010dn\u00ed opat\u0159en\u00ed k zabezpe\u010den\u00ed osobn\u00edch \u00fadaj\u016f.\u00a0<\/li>\n<\/ul>\n\n\n\n<ul class=\"wp-block-list has-black-color has-text-color has-link-color wp-elements-91af5380d9c89f682baae6b8ea971edf\">\n<li>II. Spr\u00e1vce se zavazuje s\u202ft\u011bmito \u00fadaji nakl\u00e1dat v\u202fsouladu s\u202fpr\u00e1vn\u00edmi p\u0159edpisy ( z\u00e1k. \u010d.101\/2000sb.)\u00a0 a u\u017e\u00edvat je pouze v\u202frozsahu nezbytn\u00e9m pro napln\u011bn\u00ed \u00fa\u010delu, pro kter\u00fd jsou \u00fadaje z\u00edsk\u00e1v\u00e1ny a v\u017edy tak, aby zamezil jak\u00e9koliv \u00fajm\u011b osob\u011b, kter\u00e9 se \u00fadaje t\u00fdkaj\u00ed.\u00a0<\/li>\n<\/ul>\n\n\n\n<p class=\"has-black-color has-text-color has-link-color wp-elements-461a10f7d7b11c321915b18442576b56\">7. Z\u00e1v\u011bre\u010dn\u00e1 ustanoven\u00ed&nbsp;<\/p>\n\n\n\n<ul class=\"wp-block-list has-black-color has-text-color has-link-color wp-elements-b6cd029f7ded0212ea400e2faf475bc6\">\n<li>I. Zad\u00e1n\u00edm objedn\u00e1vky potvrzujete, \u017ee jste sezn\u00e1men\/a s podm\u00ednkami ochrany osobn\u00edch \u00fadaj\u016f a \u017ee je v cel\u00e9m rozsahu p\u0159ij\u00edm\u00e1te.\u00a0<\/li>\n<\/ul>\n\n\n\n<ul class=\"wp-block-list has-black-color has-text-color has-link-color wp-elements-161948eb8753a052fc809a43994b02a9\">\n<li>II. Spr\u00e1vce je opr\u00e1vn\u011bn tyto podm\u00ednky zm\u011bnit. Novou verzi podm\u00ednek ochrany osobn\u00edch \u00fadaj\u016f zve\u0159ejn\u00ed na sv\u00fdch internetov\u00fdch str\u00e1nk\u00e1ch a z\u00e1rove\u0148 V\u00e1m za\u0161le novou verzi t\u011bchto podm\u00ednek na Va\u0161i e-mailovou adresu, kterou jste spr\u00e1vci poskytl\/a.\u00a0<\/li>\n<\/ul>\n\n\n\n<p class=\"has-black-color has-text-color has-link-color wp-elements-8ed8a2bbcf1e33fbef327af27193d697\">Tyto podm\u00ednky nab\u00fdvaj\u00ed \u00fa\u010dinnosti dnem 1. 11. 2024.&nbsp;<\/p>\n","protected":false},"excerpt":{"rendered":"<p>Z\u00e1sady zpracov\u00e1n\u00ed osobn\u00edch \u00fadaj\u016f&nbsp; 1. Z\u00e1kladn\u00ed ustanoven\u00ed&nbsp; 2. Zdroje a \u00fa\u010del zpracov\u00e1n\u00ed osobn\u00edch \u00fadaj\u016f&nbsp; V. \u00da\u010delem zpracov\u00e1n\u00ed osobn\u00edch \u00fadaj\u016f je&nbsp; 3. Doba uchov\u00e1v\u00e1n\u00ed \u00fadaj\u016f&nbsp; 4.P\u0159\u00edjemci osobn\u00edch \u00fadaj\u016f (subdodavatel\u00e9 spr\u00e1vce)&nbsp; 5.Va\u0161e pr\u00e1va&nbsp; 6.Podm\u00ednky zabezpe\u010den\u00ed osobn\u00edch \u00fadaj\u016f&nbsp; 7. Z\u00e1v\u011bre\u010dn\u00e1 ustanoven\u00ed&nbsp; Tyto podm\u00ednky nab\u00fdvaj\u00ed \u00fa\u010dinnosti dnem 1. 11. 2024.&nbsp;<\/p>\n","protected":false},"author":1,"featured_media":0,"parent":0,"menu_order":0,"comment_status":"closed","ping_status":"closed","template":"","meta":{"footnotes":""},"class_list":["post-398","page","type-page","status-publish","hentry"],"yoast_head":"<!-- This site is optimized with the Yoast SEO plugin v27.5 - https:\/\/yoast.com\/product\/yoast-seo-wordpress\/ -->\n<title>GDPR - Biodynamika Louny<\/title>\n<meta name=\"robots\" content=\"index, follow, max-snippet:-1, max-image-preview:large, max-video-preview:-1\" \/>\n<link rel=\"canonical\" href=\"https:\/\/www.biodynamikalouny.cz\/cs\/index.php\/gdpr\/\" \/>\n<meta property=\"og:locale\" content=\"cs_CZ\" \/>\n<meta property=\"og:type\" content=\"article\" \/>\n<meta property=\"og:title\" content=\"GDPR - Biodynamika Louny\" \/>\n<meta property=\"og:description\" content=\"Z\u00e1sady zpracov\u00e1n\u00ed osobn\u00edch \u00fadaj\u016f&nbsp; 1. Z\u00e1kladn\u00ed ustanoven\u00ed&nbsp; 2. Zdroje a \u00fa\u010del zpracov\u00e1n\u00ed osobn\u00edch \u00fadaj\u016f&nbsp; V. \u00da\u010delem zpracov\u00e1n\u00ed osobn\u00edch \u00fadaj\u016f je&nbsp; 3. Doba uchov\u00e1v\u00e1n\u00ed \u00fadaj\u016f&nbsp; 4.P\u0159\u00edjemci osobn\u00edch \u00fadaj\u016f (subdodavatel\u00e9 spr\u00e1vce)&nbsp; 5.Va\u0161e pr\u00e1va&nbsp; 6.Podm\u00ednky zabezpe\u010den\u00ed osobn\u00edch \u00fadaj\u016f&nbsp; 7. Z\u00e1v\u011bre\u010dn\u00e1 ustanoven\u00ed&nbsp; Tyto podm\u00ednky nab\u00fdvaj\u00ed \u00fa\u010dinnosti dnem 1. 11. 2024.&nbsp;\" \/>\n<meta property=\"og:url\" content=\"https:\/\/www.biodynamikalouny.cz\/cs\/index.php\/gdpr\/\" \/>\n<meta property=\"og:site_name\" content=\"Biodynamika Louny\" \/>\n<meta property=\"article:modified_time\" content=\"2024-10-20T11:52:40+00:00\" \/>\n<meta name=\"twitter:card\" content=\"summary_large_image\" \/>\n<meta name=\"twitter:label1\" content=\"Odhadovan\u00e1 doba \u010dten\u00ed\" \/>\n\t<meta name=\"twitter:data1\" content=\"3 minuty\" \/>\n<script type=\"application\/ld+json\" class=\"yoast-schema-graph\">{\"@context\":\"https:\\\/\\\/schema.org\",\"@graph\":[{\"@type\":\"WebPage\",\"@id\":\"https:\\\/\\\/www.biodynamikalouny.cz\\\/cs\\\/index.php\\\/gdpr\\\/\",\"url\":\"https:\\\/\\\/www.biodynamikalouny.cz\\\/cs\\\/index.php\\\/gdpr\\\/\",\"name\":\"GDPR - Biodynamika Louny\",\"isPartOf\":{\"@id\":\"https:\\\/\\\/www.biodynamikalouny.cz\\\/cs\\\/#website\"},\"datePublished\":\"2024-10-20T11:41:41+00:00\",\"dateModified\":\"2024-10-20T11:52:40+00:00\",\"breadcrumb\":{\"@id\":\"https:\\\/\\\/www.biodynamikalouny.cz\\\/cs\\\/index.php\\\/gdpr\\\/#breadcrumb\"},\"inLanguage\":\"cs\",\"potentialAction\":[{\"@type\":\"ReadAction\",\"target\":[\"https:\\\/\\\/www.biodynamikalouny.cz\\\/cs\\\/index.php\\\/gdpr\\\/\"]}]},{\"@type\":\"BreadcrumbList\",\"@id\":\"https:\\\/\\\/www.biodynamikalouny.cz\\\/cs\\\/index.php\\\/gdpr\\\/#breadcrumb\",\"itemListElement\":[{\"@type\":\"ListItem\",\"position\":1,\"name\":\"Home\",\"item\":\"https:\\\/\\\/www.biodynamikalouny.cz\\\/cs\\\/\"},{\"@type\":\"ListItem\",\"position\":2,\"name\":\"GDPR\"}]},{\"@type\":\"WebSite\",\"@id\":\"https:\\\/\\\/www.biodynamikalouny.cz\\\/cs\\\/#website\",\"url\":\"https:\\\/\\\/www.biodynamikalouny.cz\\\/cs\\\/\",\"name\":\"Biodynamika Louny\",\"description\":\"Biodynamika Louny\",\"potentialAction\":[{\"@type\":\"SearchAction\",\"target\":{\"@type\":\"EntryPoint\",\"urlTemplate\":\"https:\\\/\\\/www.biodynamikalouny.cz\\\/cs\\\/?s={search_term_string}\"},\"query-input\":{\"@type\":\"PropertyValueSpecification\",\"valueRequired\":true,\"valueName\":\"search_term_string\"}}],\"inLanguage\":\"cs\"}]}<\/script>\n<!-- \/ Yoast SEO plugin. -->","yoast_head_json":{"title":"GDPR - Biodynamika Louny","robots":{"index":"index","follow":"follow","max-snippet":"max-snippet:-1","max-image-preview":"max-image-preview:large","max-video-preview":"max-video-preview:-1"},"canonical":"https:\/\/www.biodynamikalouny.cz\/cs\/index.php\/gdpr\/","og_locale":"cs_CZ","og_type":"article","og_title":"GDPR - Biodynamika Louny","og_description":"Z\u00e1sady zpracov\u00e1n\u00ed osobn\u00edch \u00fadaj\u016f&nbsp; 1. Z\u00e1kladn\u00ed ustanoven\u00ed&nbsp; 2. Zdroje a \u00fa\u010del zpracov\u00e1n\u00ed osobn\u00edch \u00fadaj\u016f&nbsp; V. \u00da\u010delem zpracov\u00e1n\u00ed osobn\u00edch \u00fadaj\u016f je&nbsp; 3. Doba uchov\u00e1v\u00e1n\u00ed \u00fadaj\u016f&nbsp; 4.P\u0159\u00edjemci osobn\u00edch \u00fadaj\u016f (subdodavatel\u00e9 spr\u00e1vce)&nbsp; 5.Va\u0161e pr\u00e1va&nbsp; 6.Podm\u00ednky zabezpe\u010den\u00ed osobn\u00edch \u00fadaj\u016f&nbsp; 7. Z\u00e1v\u011bre\u010dn\u00e1 ustanoven\u00ed&nbsp; Tyto podm\u00ednky nab\u00fdvaj\u00ed \u00fa\u010dinnosti dnem 1. 11. 2024.&nbsp;","og_url":"https:\/\/www.biodynamikalouny.cz\/cs\/index.php\/gdpr\/","og_site_name":"Biodynamika Louny","article_modified_time":"2024-10-20T11:52:40+00:00","twitter_card":"summary_large_image","twitter_misc":{"Odhadovan\u00e1 doba \u010dten\u00ed":"3 minuty"},"schema":{"@context":"https:\/\/schema.org","@graph":[{"@type":"WebPage","@id":"https:\/\/www.biodynamikalouny.cz\/cs\/index.php\/gdpr\/","url":"https:\/\/www.biodynamikalouny.cz\/cs\/index.php\/gdpr\/","name":"GDPR - Biodynamika Louny","isPartOf":{"@id":"https:\/\/www.biodynamikalouny.cz\/cs\/#website"},"datePublished":"2024-10-20T11:41:41+00:00","dateModified":"2024-10-20T11:52:40+00:00","breadcrumb":{"@id":"https:\/\/www.biodynamikalouny.cz\/cs\/index.php\/gdpr\/#breadcrumb"},"inLanguage":"cs","potentialAction":[{"@type":"ReadAction","target":["https:\/\/www.biodynamikalouny.cz\/cs\/index.php\/gdpr\/"]}]},{"@type":"BreadcrumbList","@id":"https:\/\/www.biodynamikalouny.cz\/cs\/index.php\/gdpr\/#breadcrumb","itemListElement":[{"@type":"ListItem","position":1,"name":"Home","item":"https:\/\/www.biodynamikalouny.cz\/cs\/"},{"@type":"ListItem","position":2,"name":"GDPR"}]},{"@type":"WebSite","@id":"https:\/\/www.biodynamikalouny.cz\/cs\/#website","url":"https:\/\/www.biodynamikalouny.cz\/cs\/","name":"Biodynamika Louny","description":"Biodynamika Louny","potentialAction":[{"@type":"SearchAction","target":{"@type":"EntryPoint","urlTemplate":"https:\/\/www.biodynamikalouny.cz\/cs\/?s={search_term_string}"},"query-input":{"@type":"PropertyValueSpecification","valueRequired":true,"valueName":"search_term_string"}}],"inLanguage":"cs"}]}},"_links":{"self":[{"href":"https:\/\/www.biodynamikalouny.cz\/cs\/index.php\/wp-json\/wp\/v2\/pages\/398","targetHints":{"allow":["GET"]}}],"collection":[{"href":"https:\/\/www.biodynamikalouny.cz\/cs\/index.php\/wp-json\/wp\/v2\/pages"}],"about":[{"href":"https:\/\/www.biodynamikalouny.cz\/cs\/index.php\/wp-json\/wp\/v2\/types\/page"}],"author":[{"embeddable":true,"href":"https:\/\/www.biodynamikalouny.cz\/cs\/index.php\/wp-json\/wp\/v2\/users\/1"}],"replies":[{"embeddable":true,"href":"https:\/\/www.biodynamikalouny.cz\/cs\/index.php\/wp-json\/wp\/v2\/comments?post=398"}],"version-history":[{"count":3,"href":"https:\/\/www.biodynamikalouny.cz\/cs\/index.php\/wp-json\/wp\/v2\/pages\/398\/revisions"}],"predecessor-version":[{"id":405,"href":"https:\/\/www.biodynamikalouny.cz\/cs\/index.php\/wp-json\/wp\/v2\/pages\/398\/revisions\/405"}],"wp:attachment":[{"href":"https:\/\/www.biodynamikalouny.cz\/cs\/index.php\/wp-json\/wp\/v2\/media?parent=398"}],"curies":[{"name":"wp","href":"https:\/\/api.w.org\/{rel}","templated":true}]}}