{"id":16,"date":"2024-09-04T16:46:07","date_gmt":"2024-09-04T14:46:07","guid":{"rendered":"https:\/\/www.biodynamikalouny.cz\/cs\/?page_id=16"},"modified":"2026-02-26T21:13:38","modified_gmt":"2026-02-26T20:13:38","slug":"uvod","status":"publish","type":"page","link":"https:\/\/www.biodynamikalouny.cz\/cs\/","title":{"rendered":""},"content":{"rendered":"\n<div style=\"height:40px\" aria-hidden=\"true\" class=\"wp-block-spacer\"><\/div>\n\n\n\n<div class=\"wp-block-columns is-layout-flex wp-container-core-columns-is-layout-9d6595d7 wp-block-columns-is-layout-flex\">\n<div class=\"wp-block-column is-layout-flow wp-block-column-is-layout-flow\" style=\"flex-basis:100%\">\n<p class=\"has-text-align-center has-black-color has-text-color has-link-color wp-elements-8d562b89db8b1a4758115304c83d82f4\" style=\"font-size:18px\">Nab\u00edz\u00edme celostn\u00ed p\u00e9\u010di pro&nbsp;<strong>podporu t\u011bla<\/strong>,&nbsp;<strong>du\u0161e<\/strong>&nbsp;<strong>a&nbsp;mysli<\/strong>. Pom\u016f\u017eeme V\u00e1m zm\u00edrnit chronick\u00e9 pot\u00ed\u017ee, odstranit energetick\u00e9 blok\u00e1dy \u010di z\u00e1t\u011b\u017ee z prost\u0159ed\u00ed a&nbsp;<strong>naj\u00edt cestu k harmonii a zdrav\u00ed<\/strong>.&nbsp;R\u00e1di pro V\u00e1s vytvo\u0159\u00edme bezpe\u010dn\u00e9 prost\u0159ed\u00ed s c\u00edlem, abyste odch\u00e1zeli s \u00fasm\u011bvem uvnit\u0159 i vn\u011b.&nbsp;&nbsp;<strong><u>V\u0161e podstatn\u00e9 se nach\u00e1z\u00ed uvnit\u0159 n\u00e1s\u2026.<\/u><\/strong><\/p>\n\n\n\n<div style=\"height:40px\" aria-hidden=\"true\" class=\"wp-block-spacer\"><\/div>\n<\/div>\n<\/div>\n\n\n\n<div style=\"height:50px\" aria-hidden=\"true\" class=\"wp-block-spacer\"><\/div>\n\n\n\n<div class=\"wp-block-media-text is-stacked-on-mobile\" style=\"grid-template-columns:43% auto\"><figure class=\"wp-block-media-text__media\"><img loading=\"lazy\" decoding=\"async\" width=\"1024\" height=\"677\" src=\"https:\/\/www.biodynamikalouny.cz\/cs\/wp-content\/uploads\/2025\/12\/FB4-1-e1764864559738-1024x677.jpeg\" alt=\"\" class=\"wp-image-991 size-full\" srcset=\"https:\/\/www.biodynamikalouny.cz\/cs\/wp-content\/uploads\/2025\/12\/FB4-1-e1764864559738-1024x677.jpeg 1024w, https:\/\/www.biodynamikalouny.cz\/cs\/wp-content\/uploads\/2025\/12\/FB4-1-e1764864559738-300x198.jpeg 300w, https:\/\/www.biodynamikalouny.cz\/cs\/wp-content\/uploads\/2025\/12\/FB4-1-e1764864559738-768x507.jpeg 768w, https:\/\/www.biodynamikalouny.cz\/cs\/wp-content\/uploads\/2025\/12\/FB4-1-e1764864559738-1536x1015.jpeg 1536w, https:\/\/www.biodynamikalouny.cz\/cs\/wp-content\/uploads\/2025\/12\/FB4-1-e1764864559738-2048x1353.jpeg 2048w\" sizes=\"auto, (max-width: 1024px) 100vw, 1024px\" \/><\/figure><div class=\"wp-block-media-text__content\">\n<p class=\"has-text-align-center has-vivid-green-cyan-color has-text-color has-link-color wp-elements-a24bb6b801db73b950fc9362de911b84\" style=\"font-size:18px\"><strong>Kraniosakr\u00e1ln\u00ed biodynamika<\/strong><\/p>\n\n\n\n<p class=\"has-text-align-center has-black-color has-text-color has-link-color wp-elements-7b53e096923cfd3d83a5b62a2b2aebc3\" style=\"font-size:14px\"><strong>Kraniosakr\u00e1ln\u00ed biodynamika<\/strong>&nbsp;je&nbsp;holistick\u00e1 harmoniza\u010dn\u00ed metoda, kter\u00e1&nbsp;celostn\u00edm a&nbsp;bezpe\u010dn\u00fdm&nbsp;p\u0159\u00edstupem pom\u00e1h\u00e1 na\u0161emu syst\u00e9mu naj\u00edt cestu k&nbsp;rovnov\u00e1ze \u2013 tedy zp\u011bt&nbsp;ke&nbsp;zdrav\u00ed. N\u00e1zev terapie vych\u00e1z\u00ed z&#8230;.<strong> <em><a href=\"https:\/\/www.biodynamikalouny.cz\/cs\/index.php\/o-metode\/\">pokra\u010dov\u00e1n\u00ed<\/a><\/em><\/strong><\/p>\n<\/div><\/div>\n\n\n\n<div style=\"height:100px\" aria-hidden=\"true\" class=\"wp-block-spacer\"><\/div>\n\n\n\n<div class=\"wp-block-media-text has-media-on-the-right is-stacked-on-mobile\"><div class=\"wp-block-media-text__content\">\n<p class=\"has-text-align-center has-vivid-cyan-blue-color has-text-color has-link-color wp-elements-7958f537a394a4bad0dbdab1a5994154\" style=\"font-size:18px\"><strong>Biorezonance<\/strong> <strong>BICOM<\/strong><\/p>\n\n\n\n<p class=\"has-black-color has-text-color has-link-color wp-elements-b4c9ff5a97fb5a7426dddd1b23c21a9e\" style=\"font-size:14px\">Spr\u00e1vn\u00e1 funkce a regulace t\u011bla je zaji\u0161t\u011bna pouze tehdy, kdy\u017e se v&nbsp;n\u011bm odehr\u00e1v\u00e1 spr\u00e1vn\u00e1 komunikace a&nbsp;t\u00edm i&nbsp;v\u00fdm\u011bna informac\u00ed mezi bu\u0148kami. Tak m\u016f\u017ee&#8230;.<em><a href=\"https:\/\/www.biodynamikalouny.cz\/cs\/index.php\/o-metode-2\/\"><strong>pokra\u010dov\u00e1n\u00ed<\/strong><\/a><\/em><\/p>\n<\/div><figure class=\"wp-block-media-text__media\"><img loading=\"lazy\" decoding=\"async\" width=\"622\" height=\"147\" src=\"https:\/\/www.biodynamikalouny.cz\/cs\/wp-content\/uploads\/2024\/09\/vlnky.jpg\" alt=\"\" class=\"wp-image-166 size-full\" srcset=\"https:\/\/www.biodynamikalouny.cz\/cs\/wp-content\/uploads\/2024\/09\/vlnky.jpg 622w, https:\/\/www.biodynamikalouny.cz\/cs\/wp-content\/uploads\/2024\/09\/vlnky-300x71.jpg 300w\" sizes=\"auto, (max-width: 622px) 100vw, 622px\" \/><\/figure><\/div>\n\n\n\n<div style=\"height:100px\" aria-hidden=\"true\" class=\"wp-block-spacer\"><\/div>\n\n\n\n<div class=\"wp-block-media-text is-stacked-on-mobile\"><figure class=\"wp-block-media-text__media\"><img loading=\"lazy\" decoding=\"async\" width=\"1024\" height=\"356\" src=\"https:\/\/www.biodynamikalouny.cz\/cs\/wp-content\/uploads\/2024\/09\/A1402EDC-6A33-4B19-9001-0DD6CEE29EF7-scaled-e1737889707229-1024x356.jpeg\" alt=\"\" class=\"wp-image-204 size-full\" srcset=\"https:\/\/www.biodynamikalouny.cz\/cs\/wp-content\/uploads\/2024\/09\/A1402EDC-6A33-4B19-9001-0DD6CEE29EF7-scaled-e1737889707229-1024x356.jpeg 1024w, https:\/\/www.biodynamikalouny.cz\/cs\/wp-content\/uploads\/2024\/09\/A1402EDC-6A33-4B19-9001-0DD6CEE29EF7-scaled-e1737889707229-300x104.jpeg 300w, https:\/\/www.biodynamikalouny.cz\/cs\/wp-content\/uploads\/2024\/09\/A1402EDC-6A33-4B19-9001-0DD6CEE29EF7-scaled-e1737889707229-768x267.jpeg 768w, https:\/\/www.biodynamikalouny.cz\/cs\/wp-content\/uploads\/2024\/09\/A1402EDC-6A33-4B19-9001-0DD6CEE29EF7-scaled-e1737889707229-1536x535.jpeg 1536w, https:\/\/www.biodynamikalouny.cz\/cs\/wp-content\/uploads\/2024\/09\/A1402EDC-6A33-4B19-9001-0DD6CEE29EF7-scaled-e1737889707229-2048x713.jpeg 2048w\" sizes=\"auto, (max-width: 1024px) 100vw, 1024px\" \/><\/figure><div class=\"wp-block-media-text__content\">\n<p class=\"has-text-align-center has-text-color has-link-color wp-elements-fac47cc13708d9346a1fe50f4011a1a0\" style=\"color:#c0760e;font-size:18px\"><strong>Kou\u010dink<\/strong><\/p>\n\n\n\n<p class=\"has-black-color has-text-color has-link-color wp-elements-ec7398e641cfb984387a8aa6ec598d4d\" style=\"font-size:14px\">Zv\u011bdom\u00edte si sv\u00e9 n\u00e1vyky a zako\u0159en\u011bn\u00e9 stereotypy. Vytvo\u0159\u00edme prostor pro nov\u00e9 n\u00e1pady a my\u0161lenky, kter\u00e9 m\u016f\u017eete dov\u00e9st k\u202f\u010din\u016fm a naplnit tak Va\u0161e c\u00edle&#8230;..<em><strong><a href=\"https:\/\/www.biodynamikalouny.cz\/cs\/index.php\/o-koucinku\/\">pokra\u010dov\u00e1n\u00ed<\/a><\/strong><\/em><\/p>\n<\/div><\/div>\n\n\n\n<div style=\"height:100px\" aria-hidden=\"true\" class=\"wp-block-spacer\"><\/div>\n","protected":false},"excerpt":{"rendered":"<p>Nab\u00edz\u00edme celostn\u00ed p\u00e9\u010di pro&nbsp;podporu t\u011bla,&nbsp;du\u0161e&nbsp;a&nbsp;mysli. Pom\u016f\u017eeme V\u00e1m zm\u00edrnit chronick\u00e9 pot\u00ed\u017ee, odstranit energetick\u00e9 blok\u00e1dy \u010di z\u00e1t\u011b\u017ee z prost\u0159ed\u00ed a&nbsp;naj\u00edt cestu k harmonii a zdrav\u00ed.&nbsp;R\u00e1di pro V\u00e1s vytvo\u0159\u00edme bezpe\u010dn\u00e9 prost\u0159ed\u00ed s c\u00edlem, abyste odch\u00e1zeli s \u00fasm\u011bvem uvnit\u0159 i vn\u011b.&nbsp;&nbsp;V\u0161e podstatn\u00e9 se nach\u00e1z\u00ed uvnit\u0159 n\u00e1s\u2026. Kraniosakr\u00e1ln\u00ed biodynamika Kraniosakr\u00e1ln\u00ed biodynamika&nbsp;je&nbsp;holistick\u00e1 harmoniza\u010dn\u00ed metoda, kter\u00e1&nbsp;celostn\u00edm a&nbsp;bezpe\u010dn\u00fdm&nbsp;p\u0159\u00edstupem pom\u00e1h\u00e1 na\u0161emu syst\u00e9mu naj\u00edt cestu [&hellip;]<\/p>\n","protected":false},"author":1,"featured_media":0,"parent":0,"menu_order":0,"comment_status":"closed","ping_status":"closed","template":"","meta":{"footnotes":""},"class_list":["post-16","page","type-page","status-publish","hentry"],"yoast_head":"<!-- This site is optimized with the Yoast SEO plugin v27.4 - https:\/\/yoast.com\/product\/yoast-seo-wordpress\/ -->\n<title>Biodynamika Louny<\/title>\n<meta name=\"robots\" content=\"index, follow, max-snippet:-1, max-image-preview:large, max-video-preview:-1\" \/>\n<link rel=\"canonical\" href=\"https:\/\/www.biodynamikalouny.cz\/cs\/\" \/>\n<meta property=\"og:locale\" content=\"cs_CZ\" \/>\n<meta property=\"og:type\" content=\"article\" \/>\n<meta property=\"og:title\" content=\"Biodynamika Louny\" \/>\n<meta property=\"og:description\" content=\"Nab\u00edz\u00edme celostn\u00ed p\u00e9\u010di pro&nbsp;podporu t\u011bla,&nbsp;du\u0161e&nbsp;a&nbsp;mysli. Pom\u016f\u017eeme V\u00e1m zm\u00edrnit chronick\u00e9 pot\u00ed\u017ee, odstranit energetick\u00e9 blok\u00e1dy \u010di z\u00e1t\u011b\u017ee z prost\u0159ed\u00ed a&nbsp;naj\u00edt cestu k harmonii a zdrav\u00ed.&nbsp;R\u00e1di pro V\u00e1s vytvo\u0159\u00edme bezpe\u010dn\u00e9 prost\u0159ed\u00ed s c\u00edlem, abyste odch\u00e1zeli s \u00fasm\u011bvem uvnit\u0159 i vn\u011b.&nbsp;&nbsp;V\u0161e podstatn\u00e9 se nach\u00e1z\u00ed uvnit\u0159 n\u00e1s\u2026. Kraniosakr\u00e1ln\u00ed biodynamika Kraniosakr\u00e1ln\u00ed biodynamika&nbsp;je&nbsp;holistick\u00e1 harmoniza\u010dn\u00ed metoda, kter\u00e1&nbsp;celostn\u00edm a&nbsp;bezpe\u010dn\u00fdm&nbsp;p\u0159\u00edstupem pom\u00e1h\u00e1 na\u0161emu syst\u00e9mu naj\u00edt cestu [&hellip;]\" \/>\n<meta property=\"og:url\" content=\"https:\/\/www.biodynamikalouny.cz\/cs\/\" \/>\n<meta property=\"og:site_name\" content=\"Biodynamika Louny\" \/>\n<meta property=\"article:modified_time\" content=\"2026-02-26T20:13:38+00:00\" \/>\n<meta property=\"og:image\" content=\"https:\/\/www.biodynamikalouny.cz\/cs\/wp-content\/uploads\/2025\/12\/FB4-1-e1764864559738.jpeg\" \/>\n\t<meta property=\"og:image:width\" content=\"2550\" \/>\n\t<meta property=\"og:image:height\" content=\"1685\" \/>\n\t<meta property=\"og:image:type\" content=\"image\/jpeg\" \/>\n<meta name=\"twitter:card\" content=\"summary_large_image\" \/>\n<meta name=\"twitter:label1\" content=\"Odhadovan\u00e1 doba \u010dten\u00ed\" \/>\n\t<meta name=\"twitter:data1\" content=\"2 minuty\" \/>\n<script type=\"application\/ld+json\" class=\"yoast-schema-graph\">{\"@context\":\"https:\\\/\\\/schema.org\",\"@graph\":[{\"@type\":\"WebPage\",\"@id\":\"https:\\\/\\\/www.biodynamikalouny.cz\\\/cs\\\/\",\"url\":\"https:\\\/\\\/www.biodynamikalouny.cz\\\/cs\\\/\",\"name\":\"Biodynamika Louny\",\"isPartOf\":{\"@id\":\"https:\\\/\\\/www.biodynamikalouny.cz\\\/cs\\\/#website\"},\"primaryImageOfPage\":{\"@id\":\"https:\\\/\\\/www.biodynamikalouny.cz\\\/cs\\\/#primaryimage\"},\"image\":{\"@id\":\"https:\\\/\\\/www.biodynamikalouny.cz\\\/cs\\\/#primaryimage\"},\"thumbnailUrl\":\"https:\\\/\\\/www.biodynamikalouny.cz\\\/cs\\\/wp-content\\\/uploads\\\/2025\\\/12\\\/FB4-1-e1764864559738-1024x677.jpeg\",\"datePublished\":\"2024-09-04T14:46:07+00:00\",\"dateModified\":\"2026-02-26T20:13:38+00:00\",\"inLanguage\":\"cs\",\"potentialAction\":[{\"@type\":\"ReadAction\",\"target\":[\"https:\\\/\\\/www.biodynamikalouny.cz\\\/cs\\\/\"]}]},{\"@type\":\"ImageObject\",\"inLanguage\":\"cs\",\"@id\":\"https:\\\/\\\/www.biodynamikalouny.cz\\\/cs\\\/#primaryimage\",\"url\":\"https:\\\/\\\/www.biodynamikalouny.cz\\\/cs\\\/wp-content\\\/uploads\\\/2025\\\/12\\\/FB4-1-e1764864559738.jpeg\",\"contentUrl\":\"https:\\\/\\\/www.biodynamikalouny.cz\\\/cs\\\/wp-content\\\/uploads\\\/2025\\\/12\\\/FB4-1-e1764864559738.jpeg\",\"width\":2550,\"height\":1685},{\"@type\":\"WebSite\",\"@id\":\"https:\\\/\\\/www.biodynamikalouny.cz\\\/cs\\\/#website\",\"url\":\"https:\\\/\\\/www.biodynamikalouny.cz\\\/cs\\\/\",\"name\":\"Biodynamika Louny\",\"description\":\"Biodynamika Louny\",\"potentialAction\":[{\"@type\":\"SearchAction\",\"target\":{\"@type\":\"EntryPoint\",\"urlTemplate\":\"https:\\\/\\\/www.biodynamikalouny.cz\\\/cs\\\/?s={search_term_string}\"},\"query-input\":{\"@type\":\"PropertyValueSpecification\",\"valueRequired\":true,\"valueName\":\"search_term_string\"}}],\"inLanguage\":\"cs\"}]}<\/script>\n<!-- \/ Yoast SEO plugin. -->","yoast_head_json":{"title":"Biodynamika Louny","robots":{"index":"index","follow":"follow","max-snippet":"max-snippet:-1","max-image-preview":"max-image-preview:large","max-video-preview":"max-video-preview:-1"},"canonical":"https:\/\/www.biodynamikalouny.cz\/cs\/","og_locale":"cs_CZ","og_type":"article","og_title":"Biodynamika Louny","og_description":"Nab\u00edz\u00edme celostn\u00ed p\u00e9\u010di pro&nbsp;podporu t\u011bla,&nbsp;du\u0161e&nbsp;a&nbsp;mysli. Pom\u016f\u017eeme V\u00e1m zm\u00edrnit chronick\u00e9 pot\u00ed\u017ee, odstranit energetick\u00e9 blok\u00e1dy \u010di z\u00e1t\u011b\u017ee z prost\u0159ed\u00ed a&nbsp;naj\u00edt cestu k harmonii a zdrav\u00ed.&nbsp;R\u00e1di pro V\u00e1s vytvo\u0159\u00edme bezpe\u010dn\u00e9 prost\u0159ed\u00ed s c\u00edlem, abyste odch\u00e1zeli s \u00fasm\u011bvem uvnit\u0159 i vn\u011b.&nbsp;&nbsp;V\u0161e podstatn\u00e9 se nach\u00e1z\u00ed uvnit\u0159 n\u00e1s\u2026. Kraniosakr\u00e1ln\u00ed biodynamika Kraniosakr\u00e1ln\u00ed biodynamika&nbsp;je&nbsp;holistick\u00e1 harmoniza\u010dn\u00ed metoda, kter\u00e1&nbsp;celostn\u00edm a&nbsp;bezpe\u010dn\u00fdm&nbsp;p\u0159\u00edstupem pom\u00e1h\u00e1 na\u0161emu syst\u00e9mu naj\u00edt cestu [&hellip;]","og_url":"https:\/\/www.biodynamikalouny.cz\/cs\/","og_site_name":"Biodynamika Louny","article_modified_time":"2026-02-26T20:13:38+00:00","og_image":[{"width":2550,"height":1685,"url":"https:\/\/www.biodynamikalouny.cz\/cs\/wp-content\/uploads\/2025\/12\/FB4-1-e1764864559738.jpeg","type":"image\/jpeg"}],"twitter_card":"summary_large_image","twitter_misc":{"Odhadovan\u00e1 doba \u010dten\u00ed":"2 minuty"},"schema":{"@context":"https:\/\/schema.org","@graph":[{"@type":"WebPage","@id":"https:\/\/www.biodynamikalouny.cz\/cs\/","url":"https:\/\/www.biodynamikalouny.cz\/cs\/","name":"Biodynamika Louny","isPartOf":{"@id":"https:\/\/www.biodynamikalouny.cz\/cs\/#website"},"primaryImageOfPage":{"@id":"https:\/\/www.biodynamikalouny.cz\/cs\/#primaryimage"},"image":{"@id":"https:\/\/www.biodynamikalouny.cz\/cs\/#primaryimage"},"thumbnailUrl":"https:\/\/www.biodynamikalouny.cz\/cs\/wp-content\/uploads\/2025\/12\/FB4-1-e1764864559738-1024x677.jpeg","datePublished":"2024-09-04T14:46:07+00:00","dateModified":"2026-02-26T20:13:38+00:00","inLanguage":"cs","potentialAction":[{"@type":"ReadAction","target":["https:\/\/www.biodynamikalouny.cz\/cs\/"]}]},{"@type":"ImageObject","inLanguage":"cs","@id":"https:\/\/www.biodynamikalouny.cz\/cs\/#primaryimage","url":"https:\/\/www.biodynamikalouny.cz\/cs\/wp-content\/uploads\/2025\/12\/FB4-1-e1764864559738.jpeg","contentUrl":"https:\/\/www.biodynamikalouny.cz\/cs\/wp-content\/uploads\/2025\/12\/FB4-1-e1764864559738.jpeg","width":2550,"height":1685},{"@type":"WebSite","@id":"https:\/\/www.biodynamikalouny.cz\/cs\/#website","url":"https:\/\/www.biodynamikalouny.cz\/cs\/","name":"Biodynamika Louny","description":"Biodynamika Louny","potentialAction":[{"@type":"SearchAction","target":{"@type":"EntryPoint","urlTemplate":"https:\/\/www.biodynamikalouny.cz\/cs\/?s={search_term_string}"},"query-input":{"@type":"PropertyValueSpecification","valueRequired":true,"valueName":"search_term_string"}}],"inLanguage":"cs"}]}},"_links":{"self":[{"href":"https:\/\/www.biodynamikalouny.cz\/cs\/index.php\/wp-json\/wp\/v2\/pages\/16","targetHints":{"allow":["GET"]}}],"collection":[{"href":"https:\/\/www.biodynamikalouny.cz\/cs\/index.php\/wp-json\/wp\/v2\/pages"}],"about":[{"href":"https:\/\/www.biodynamikalouny.cz\/cs\/index.php\/wp-json\/wp\/v2\/types\/page"}],"author":[{"embeddable":true,"href":"https:\/\/www.biodynamikalouny.cz\/cs\/index.php\/wp-json\/wp\/v2\/users\/1"}],"replies":[{"embeddable":true,"href":"https:\/\/www.biodynamikalouny.cz\/cs\/index.php\/wp-json\/wp\/v2\/comments?post=16"}],"version-history":[{"count":6,"href":"https:\/\/www.biodynamikalouny.cz\/cs\/index.php\/wp-json\/wp\/v2\/pages\/16\/revisions"}],"predecessor-version":[{"id":1032,"href":"https:\/\/www.biodynamikalouny.cz\/cs\/index.php\/wp-json\/wp\/v2\/pages\/16\/revisions\/1032"}],"wp:attachment":[{"href":"https:\/\/www.biodynamikalouny.cz\/cs\/index.php\/wp-json\/wp\/v2\/media?parent=16"}],"curies":[{"name":"wp","href":"https:\/\/api.w.org\/{rel}","templated":true}]}}